{"id":10645,"date":"2025-05-01T04:54:57","date_gmt":"2025-05-01T04:54:57","guid":{"rendered":"https:\/\/dev251.kodesolution.com\/hoteler\/island\/?page_id=10645"},"modified":"2025-08-18T14:11:53","modified_gmt":"2025-08-18T14:11:53","slug":"galeri","status":"publish","type":"page","link":"https:\/\/www.gulerparkhotel.com.tr\/en\/galeri\/","title":{"rendered":"Gallery"},"content":{"rendered":"<div data-elementor-type=\"wp-page\" data-elementor-id=\"10645\" class=\"elementor elementor-10645\" data-elementor-post-type=\"page\">\n\t\t\t\t<div class=\"elementor-element elementor-element-d6a533f e-flex e-con-boxed tm-col-stretched-none tm-bg-color-over-image e-con e-parent\" data-id=\"d6a533f\" data-element_type=\"container\">\n\t\t\t\t\t<div class=\"e-con-inner\">\n\t\t<div class=\"elementor-element elementor-element-83bac4c e-con-full tm-col-stretched-none e-flex tm-bg-color-over-image e-con e-child\" data-id=\"83bac4c\" data-element_type=\"container\">\n\t\t\t\t<div class=\"elementor-element elementor-element-8f63d5f elementor-widget elementor-widget-gallery\" data-id=\"8f63d5f\" data-element_type=\"widget\" data-settings=\"{&quot;gap&quot;:{&quot;unit&quot;:&quot;px&quot;,&quot;size&quot;:15,&quot;sizes&quot;:[]},&quot;aspect_ratio&quot;:&quot;4:3&quot;,&quot;image_hover_animation&quot;:&quot;shrink-contained&quot;,&quot;gallery_layout&quot;:&quot;grid&quot;,&quot;columns&quot;:4,&quot;columns_tablet&quot;:2,&quot;columns_mobile&quot;:1,&quot;gap_tablet&quot;:{&quot;unit&quot;:&quot;px&quot;,&quot;size&quot;:10,&quot;sizes&quot;:[]},&quot;gap_mobile&quot;:{&quot;unit&quot;:&quot;px&quot;,&quot;size&quot;:10,&quot;sizes&quot;:[]},&quot;link_to&quot;:&quot;file&quot;,&quot;show_all_galleries&quot;:&quot;yes&quot;,&quot;overlay_background&quot;:&quot;yes&quot;,&quot;content_hover_animation&quot;:&quot;fade-in&quot;}\" data-widget_type=\"gallery.default\">\n\t\t\t\t<div class=\"elementor-widget-container\">\n\t\t\t\t\t\t\t\t<div class=\"elementor-gallery__titles-container e--pointer-underline e--animation-fade\" aria-label=\"Gallery filter\">\n\t\t\t\t\t\t\t\t\t<a class=\"elementor-item elementor-gallery-title\" role=\"button\" tabindex=\"0\" data-gallery-index=\"all\">\n\t\t\t\t\t\tAll\t\t\t\t\t<\/a>\n\t\t\t\t\n\t\t\t\t\t\t\t\t\t<a class=\"elementor-item elementor-gallery-title\" role=\"button\" tabindex=\"0\" data-gallery-index=\"0\">\n\t\t\t\t\t\tBreakfast Room\t\t\t\t\t<\/a>\n\t\t\t\t\t\t\t\t\t\t<a class=\"elementor-item elementor-gallery-title\" role=\"button\" tabindex=\"0\" data-gallery-index=\"1\">\n\t\t\t\t\t\tGeneral Areas\t\t\t\t\t<\/a>\n\t\t\t\t\t\t\t\t\t\t<a class=\"elementor-item elementor-gallery-title\" role=\"button\" tabindex=\"0\" data-gallery-index=\"2\">\n\t\t\t\t\t\tRestaurant - Lobby Bar\t\t\t\t\t<\/a>\n\t\t\t\t\t\t\t\t<\/div>\n\t\t\t\t\t<div class=\"elementor-gallery__container\">\n\t\t\t\t\t\t\t<a class=\"e-gallery-item elementor-gallery-item elementor-animated-content\" data-e-gallery-tags=\"0\" href=\"https:\/\/www.gulerparkhotel.com.tr\/wp-content\/uploads\/2025\/08\/kahvalti3.jpg\" data-elementor-open-lightbox=\"yes\" data-elementor-lightbox-slideshow=\"8f63d5f\" data-elementor-lightbox-title=\"kahvalti3\" data-e-action-hash=\"#elementor-action%3Aaction%3Dlightbox%26settings%3DeyJpZCI6MTI4MDgsInVybCI6Imh0dHBzOlwvXC93d3cuZ3VsZXJwYXJraG90ZWwuY29tLnRyXC93cC1jb250ZW50XC91cGxvYWRzXC8yMDI1XC8wOFwva2FodmFsdGkzLmpwZyIsInNsaWRlc2hvdyI6IjhmNjNkNWYifQ%3D%3D\">\n\t\t\t\t\t<div class=\"e-gallery-image elementor-gallery-item__image\" data-thumbnail=\"https:\/\/www.gulerparkhotel.com.tr\/wp-content\/uploads\/2025\/08\/kahvalti3-550x550.jpg\" data-width=\"550\" data-height=\"550\" aria-label=\"\" role=\"img\" ><\/div>\n\t\t\t\t\t\t\t\t\t\t\t<div class=\"elementor-gallery-item__overlay\"><\/div>\n\t\t\t\t\t\t\t\t\t\t\t\t\t\t<\/a>\n\t\t\t\t\t\t\t<a class=\"e-gallery-item elementor-gallery-item elementor-animated-content\" data-e-gallery-tags=\"0\" href=\"https:\/\/www.gulerparkhotel.com.tr\/wp-content\/uploads\/2025\/08\/kahvalti1.jpg\" data-elementor-open-lightbox=\"yes\" data-elementor-lightbox-slideshow=\"8f63d5f\" data-elementor-lightbox-title=\"kahvalti1\" data-e-action-hash=\"#elementor-action%3Aaction%3Dlightbox%26settings%3DeyJpZCI6MTI4MDksInVybCI6Imh0dHBzOlwvXC93d3cuZ3VsZXJwYXJraG90ZWwuY29tLnRyXC93cC1jb250ZW50XC91cGxvYWRzXC8yMDI1XC8wOFwva2FodmFsdGkxLmpwZyIsInNsaWRlc2hvdyI6IjhmNjNkNWYifQ%3D%3D\">\n\t\t\t\t\t<div class=\"e-gallery-image elementor-gallery-item__image\" data-thumbnail=\"https:\/\/www.gulerparkhotel.com.tr\/wp-content\/uploads\/2025\/08\/kahvalti1-550x550.jpg\" data-width=\"550\" data-height=\"550\" aria-label=\"\" role=\"img\" ><\/div>\n\t\t\t\t\t\t\t\t\t\t\t<div class=\"elementor-gallery-item__overlay\"><\/div>\n\t\t\t\t\t\t\t\t\t\t\t\t\t\t<\/a>\n\t\t\t\t\t\t\t<a class=\"e-gallery-item elementor-gallery-item elementor-animated-content\" data-e-gallery-tags=\"0\" href=\"https:\/\/www.gulerparkhotel.com.tr\/wp-content\/uploads\/2025\/08\/kahvalti.jpg\" data-elementor-open-lightbox=\"yes\" data-elementor-lightbox-slideshow=\"8f63d5f\" data-elementor-lightbox-title=\"kahvalti\" data-e-action-hash=\"#elementor-action%3Aaction%3Dlightbox%26settings%3DeyJpZCI6MTI4MTAsInVybCI6Imh0dHBzOlwvXC93d3cuZ3VsZXJwYXJraG90ZWwuY29tLnRyXC93cC1jb250ZW50XC91cGxvYWRzXC8yMDI1XC8wOFwva2FodmFsdGkuanBnIiwic2xpZGVzaG93IjoiOGY2M2Q1ZiJ9\">\n\t\t\t\t\t<div class=\"e-gallery-image elementor-gallery-item__image\" data-thumbnail=\"https:\/\/www.gulerparkhotel.com.tr\/wp-content\/uploads\/2025\/08\/kahvalti-550x550.jpg\" data-width=\"550\" data-height=\"550\" aria-label=\"\" role=\"img\" ><\/div>\n\t\t\t\t\t\t\t\t\t\t\t<div class=\"elementor-gallery-item__overlay\"><\/div>\n\t\t\t\t\t\t\t\t\t\t\t\t\t\t<\/a>\n\t\t\t\t\t\t\t<a class=\"e-gallery-item elementor-gallery-item elementor-animated-content\" data-e-gallery-tags=\"0\" href=\"https:\/\/www.gulerparkhotel.com.tr\/wp-content\/uploads\/2025\/06\/gulerpark-otel-13.jpg\" data-elementor-open-lightbox=\"yes\" data-elementor-lightbox-slideshow=\"8f63d5f\" data-elementor-lightbox-title=\"gulerpark-otel (13)\" data-e-action-hash=\"#elementor-action%3Aaction%3Dlightbox%26settings%3DeyJpZCI6MTIwODksInVybCI6Imh0dHBzOlwvXC93d3cuZ3VsZXJwYXJraG90ZWwuY29tLnRyXC93cC1jb250ZW50XC91cGxvYWRzXC8yMDI1XC8wNlwvZ3VsZXJwYXJrLW90ZWwtMTMuanBnIiwic2xpZGVzaG93IjoiOGY2M2Q1ZiJ9\">\n\t\t\t\t\t<div class=\"e-gallery-image elementor-gallery-item__image\" data-thumbnail=\"https:\/\/www.gulerparkhotel.com.tr\/wp-content\/uploads\/2025\/06\/gulerpark-otel-13-550x550.jpg\" data-width=\"550\" data-height=\"550\" aria-label=\"\" role=\"img\" ><\/div>\n\t\t\t\t\t\t\t\t\t\t\t<div class=\"elementor-gallery-item__overlay\"><\/div>\n\t\t\t\t\t\t\t\t\t\t\t\t\t\t<\/a>\n\t\t\t\t\t\t\t<a class=\"e-gallery-item elementor-gallery-item elementor-animated-content\" data-e-gallery-tags=\"1\" href=\"https:\/\/www.gulerparkhotel.com.tr\/wp-content\/uploads\/2025\/06\/gulerpark-otel-14.jpg\" data-elementor-open-lightbox=\"yes\" data-elementor-lightbox-slideshow=\"8f63d5f\" data-elementor-lightbox-title=\"gulerpark-otel (14)\" data-e-action-hash=\"#elementor-action%3Aaction%3Dlightbox%26settings%3DeyJpZCI6MTIwOTEsInVybCI6Imh0dHBzOlwvXC93d3cuZ3VsZXJwYXJraG90ZWwuY29tLnRyXC93cC1jb250ZW50XC91cGxvYWRzXC8yMDI1XC8wNlwvZ3VsZXJwYXJrLW90ZWwtMTQuanBnIiwic2xpZGVzaG93IjoiOGY2M2Q1ZiJ9\">\n\t\t\t\t\t<div class=\"e-gallery-image elementor-gallery-item__image\" data-thumbnail=\"https:\/\/www.gulerparkhotel.com.tr\/wp-content\/uploads\/2025\/06\/gulerpark-otel-14-550x550.jpg\" data-width=\"550\" data-height=\"550\" aria-label=\"\" role=\"img\" ><\/div>\n\t\t\t\t\t\t\t\t\t\t\t<div class=\"elementor-gallery-item__overlay\"><\/div>\n\t\t\t\t\t\t\t\t\t\t\t\t\t\t<\/a>\n\t\t\t\t\t\t\t<a class=\"e-gallery-item elementor-gallery-item elementor-animated-content\" data-e-gallery-tags=\"1\" href=\"https:\/\/www.gulerparkhotel.com.tr\/wp-content\/uploads\/2025\/06\/gulerpark-otel-15.jpg\" data-elementor-open-lightbox=\"yes\" data-elementor-lightbox-slideshow=\"8f63d5f\" data-elementor-lightbox-title=\"gulerpark-otel (15)\" data-e-action-hash=\"#elementor-action%3Aaction%3Dlightbox%26settings%3DeyJpZCI6MTIwOTIsInVybCI6Imh0dHBzOlwvXC93d3cuZ3VsZXJwYXJraG90ZWwuY29tLnRyXC93cC1jb250ZW50XC91cGxvYWRzXC8yMDI1XC8wNlwvZ3VsZXJwYXJrLW90ZWwtMTUuanBnIiwic2xpZGVzaG93IjoiOGY2M2Q1ZiJ9\">\n\t\t\t\t\t<div class=\"e-gallery-image elementor-gallery-item__image\" data-thumbnail=\"https:\/\/www.gulerparkhotel.com.tr\/wp-content\/uploads\/2025\/06\/gulerpark-otel-15-550x550.jpg\" data-width=\"550\" data-height=\"550\" aria-label=\"\" role=\"img\" ><\/div>\n\t\t\t\t\t\t\t\t\t\t\t<div class=\"elementor-gallery-item__overlay\"><\/div>\n\t\t\t\t\t\t\t\t\t\t\t\t\t\t<\/a>\n\t\t\t\t\t\t\t<a class=\"e-gallery-item elementor-gallery-item elementor-animated-content\" data-e-gallery-tags=\"1\" href=\"https:\/\/www.gulerparkhotel.com.tr\/wp-content\/uploads\/2025\/06\/gulerpark-otel-16.jpg\" data-elementor-open-lightbox=\"yes\" data-elementor-lightbox-slideshow=\"8f63d5f\" data-elementor-lightbox-title=\"gulerpark-otel (16)\" data-e-action-hash=\"#elementor-action%3Aaction%3Dlightbox%26settings%3DeyJpZCI6MTIwOTMsInVybCI6Imh0dHBzOlwvXC93d3cuZ3VsZXJwYXJraG90ZWwuY29tLnRyXC93cC1jb250ZW50XC91cGxvYWRzXC8yMDI1XC8wNlwvZ3VsZXJwYXJrLW90ZWwtMTYuanBnIiwic2xpZGVzaG93IjoiOGY2M2Q1ZiJ9\">\n\t\t\t\t\t<div class=\"e-gallery-image elementor-gallery-item__image\" data-thumbnail=\"https:\/\/www.gulerparkhotel.com.tr\/wp-content\/uploads\/2025\/06\/gulerpark-otel-16-550x550.jpg\" data-width=\"550\" data-height=\"550\" aria-label=\"\" role=\"img\" ><\/div>\n\t\t\t\t\t\t\t\t\t\t\t<div class=\"elementor-gallery-item__overlay\"><\/div>\n\t\t\t\t\t\t\t\t\t\t\t\t\t\t<\/a>\n\t\t\t\t\t\t\t<a class=\"e-gallery-item elementor-gallery-item elementor-animated-content\" data-e-gallery-tags=\"1\" href=\"https:\/\/www.gulerparkhotel.com.tr\/wp-content\/uploads\/2025\/06\/gulerpark-otel-18.jpg\" data-elementor-open-lightbox=\"yes\" data-elementor-lightbox-slideshow=\"8f63d5f\" data-elementor-lightbox-title=\"gulerpark-otel (18)\" data-e-action-hash=\"#elementor-action%3Aaction%3Dlightbox%26settings%3DeyJpZCI6MTIwOTUsInVybCI6Imh0dHBzOlwvXC93d3cuZ3VsZXJwYXJraG90ZWwuY29tLnRyXC93cC1jb250ZW50XC91cGxvYWRzXC8yMDI1XC8wNlwvZ3VsZXJwYXJrLW90ZWwtMTguanBnIiwic2xpZGVzaG93IjoiOGY2M2Q1ZiJ9\">\n\t\t\t\t\t<div class=\"e-gallery-image elementor-gallery-item__image\" data-thumbnail=\"https:\/\/www.gulerparkhotel.com.tr\/wp-content\/uploads\/2025\/06\/gulerpark-otel-18-550x550.jpg\" data-width=\"550\" data-height=\"550\" aria-label=\"\" role=\"img\" ><\/div>\n\t\t\t\t\t\t\t\t\t\t\t<div class=\"elementor-gallery-item__overlay\"><\/div>\n\t\t\t\t\t\t\t\t\t\t\t\t\t\t<\/a>\n\t\t\t\t\t\t\t<a class=\"e-gallery-item elementor-gallery-item elementor-animated-content\" data-e-gallery-tags=\"1\" href=\"https:\/\/www.gulerparkhotel.com.tr\/wp-content\/uploads\/2025\/06\/gulerpark-otel-19.jpg\" data-elementor-open-lightbox=\"yes\" data-elementor-lightbox-slideshow=\"8f63d5f\" data-elementor-lightbox-title=\"gulerpark-otel (19)\" data-e-action-hash=\"#elementor-action%3Aaction%3Dlightbox%26settings%3DeyJpZCI6MTIwOTYsInVybCI6Imh0dHBzOlwvXC93d3cuZ3VsZXJwYXJraG90ZWwuY29tLnRyXC93cC1jb250ZW50XC91cGxvYWRzXC8yMDI1XC8wNlwvZ3VsZXJwYXJrLW90ZWwtMTkuanBnIiwic2xpZGVzaG93IjoiOGY2M2Q1ZiJ9\">\n\t\t\t\t\t<div class=\"e-gallery-image elementor-gallery-item__image\" data-thumbnail=\"https:\/\/www.gulerparkhotel.com.tr\/wp-content\/uploads\/2025\/06\/gulerpark-otel-19-550x550.jpg\" data-width=\"550\" data-height=\"550\" aria-label=\"\" role=\"img\" ><\/div>\n\t\t\t\t\t\t\t\t\t\t\t<div class=\"elementor-gallery-item__overlay\"><\/div>\n\t\t\t\t\t\t\t\t\t\t\t\t\t\t<\/a>\n\t\t\t\t\t\t\t<a class=\"e-gallery-item elementor-gallery-item elementor-animated-content\" data-e-gallery-tags=\"1\" href=\"https:\/\/www.gulerparkhotel.com.tr\/wp-content\/uploads\/2025\/06\/gulerpark-otel-20.jpg\" data-elementor-open-lightbox=\"yes\" data-elementor-lightbox-slideshow=\"8f63d5f\" data-elementor-lightbox-title=\"gulerpark-otel (20)\" data-e-action-hash=\"#elementor-action%3Aaction%3Dlightbox%26settings%3DeyJpZCI6MTIwOTcsInVybCI6Imh0dHBzOlwvXC93d3cuZ3VsZXJwYXJraG90ZWwuY29tLnRyXC93cC1jb250ZW50XC91cGxvYWRzXC8yMDI1XC8wNlwvZ3VsZXJwYXJrLW90ZWwtMjAuanBnIiwic2xpZGVzaG93IjoiOGY2M2Q1ZiJ9\">\n\t\t\t\t\t<div class=\"e-gallery-image elementor-gallery-item__image\" data-thumbnail=\"https:\/\/www.gulerparkhotel.com.tr\/wp-content\/uploads\/2025\/06\/gulerpark-otel-20-550x550.jpg\" data-width=\"550\" data-height=\"550\" aria-label=\"\" role=\"img\" ><\/div>\n\t\t\t\t\t\t\t\t\t\t\t<div class=\"elementor-gallery-item__overlay\"><\/div>\n\t\t\t\t\t\t\t\t\t\t\t\t\t\t<\/a>\n\t\t\t\t\t\t\t<a class=\"e-gallery-item elementor-gallery-item elementor-animated-content\" data-e-gallery-tags=\"2\" href=\"https:\/\/www.gulerparkhotel.com.tr\/wp-content\/uploads\/2025\/06\/gulerpark-otel-23.jpg\" data-elementor-open-lightbox=\"yes\" data-elementor-lightbox-slideshow=\"8f63d5f\" data-elementor-lightbox-title=\"gulerpark-otel (23)\" data-e-action-hash=\"#elementor-action%3Aaction%3Dlightbox%26settings%3DeyJpZCI6MTIxMDEsInVybCI6Imh0dHBzOlwvXC93d3cuZ3VsZXJwYXJraG90ZWwuY29tLnRyXC93cC1jb250ZW50XC91cGxvYWRzXC8yMDI1XC8wNlwvZ3VsZXJwYXJrLW90ZWwtMjMuanBnIiwic2xpZGVzaG93IjoiOGY2M2Q1ZiJ9\">\n\t\t\t\t\t<div class=\"e-gallery-image elementor-gallery-item__image\" data-thumbnail=\"https:\/\/www.gulerparkhotel.com.tr\/wp-content\/uploads\/2025\/06\/gulerpark-otel-23-550x550.jpg\" data-width=\"550\" data-height=\"550\" aria-label=\"\" role=\"img\" ><\/div>\n\t\t\t\t\t\t\t\t\t\t\t<div class=\"elementor-gallery-item__overlay\"><\/div>\n\t\t\t\t\t\t\t\t\t\t\t\t\t\t<\/a>\n\t\t\t\t\t\t\t<a class=\"e-gallery-item elementor-gallery-item elementor-animated-content\" data-e-gallery-tags=\"2\" href=\"https:\/\/www.gulerparkhotel.com.tr\/wp-content\/uploads\/2025\/06\/gulerpark-otel-24.jpg\" data-elementor-open-lightbox=\"yes\" data-elementor-lightbox-slideshow=\"8f63d5f\" data-elementor-lightbox-title=\"gulerpark-otel (24)\" data-e-action-hash=\"#elementor-action%3Aaction%3Dlightbox%26settings%3DeyJpZCI6MTIxMDIsInVybCI6Imh0dHBzOlwvXC93d3cuZ3VsZXJwYXJraG90ZWwuY29tLnRyXC93cC1jb250ZW50XC91cGxvYWRzXC8yMDI1XC8wNlwvZ3VsZXJwYXJrLW90ZWwtMjQuanBnIiwic2xpZGVzaG93IjoiOGY2M2Q1ZiJ9\">\n\t\t\t\t\t<div class=\"e-gallery-image elementor-gallery-item__image\" data-thumbnail=\"https:\/\/www.gulerparkhotel.com.tr\/wp-content\/uploads\/2025\/06\/gulerpark-otel-24-550x550.jpg\" data-width=\"550\" data-height=\"550\" aria-label=\"\" role=\"img\" ><\/div>\n\t\t\t\t\t\t\t\t\t\t\t<div class=\"elementor-gallery-item__overlay\"><\/div>\n\t\t\t\t\t\t\t\t\t\t\t\t\t\t<\/a>\n\t\t\t\t\t\t\t<a class=\"e-gallery-item elementor-gallery-item elementor-animated-content\" data-e-gallery-tags=\"2\" href=\"https:\/\/www.gulerparkhotel.com.tr\/wp-content\/uploads\/2025\/06\/gulerpark-otel-25.jpg\" data-elementor-open-lightbox=\"yes\" data-elementor-lightbox-slideshow=\"8f63d5f\" data-elementor-lightbox-title=\"gulerpark-otel (25)\" data-e-action-hash=\"#elementor-action%3Aaction%3Dlightbox%26settings%3DeyJpZCI6MTIxMDMsInVybCI6Imh0dHBzOlwvXC93d3cuZ3VsZXJwYXJraG90ZWwuY29tLnRyXC93cC1jb250ZW50XC91cGxvYWRzXC8yMDI1XC8wNlwvZ3VsZXJwYXJrLW90ZWwtMjUuanBnIiwic2xpZGVzaG93IjoiOGY2M2Q1ZiJ9\">\n\t\t\t\t\t<div class=\"e-gallery-image elementor-gallery-item__image\" data-thumbnail=\"https:\/\/www.gulerparkhotel.com.tr\/wp-content\/uploads\/2025\/06\/gulerpark-otel-25-550x550.jpg\" data-width=\"550\" data-height=\"550\" aria-label=\"\" role=\"img\" ><\/div>\n\t\t\t\t\t\t\t\t\t\t\t<div class=\"elementor-gallery-item__overlay\"><\/div>\n\t\t\t\t\t\t\t\t\t\t\t\t\t\t<\/a>\n\t\t\t\t\t\t\t<a class=\"e-gallery-item elementor-gallery-item elementor-animated-content\" data-e-gallery-tags=\"2\" href=\"https:\/\/www.gulerparkhotel.com.tr\/wp-content\/uploads\/2025\/06\/gulerpark-otel-26.jpg\" data-elementor-open-lightbox=\"yes\" data-elementor-lightbox-slideshow=\"8f63d5f\" data-elementor-lightbox-title=\"gulerpark-otel (26)\" data-e-action-hash=\"#elementor-action%3Aaction%3Dlightbox%26settings%3DeyJpZCI6MTIxMDQsInVybCI6Imh0dHBzOlwvXC93d3cuZ3VsZXJwYXJraG90ZWwuY29tLnRyXC93cC1jb250ZW50XC91cGxvYWRzXC8yMDI1XC8wNlwvZ3VsZXJwYXJrLW90ZWwtMjYuanBnIiwic2xpZGVzaG93IjoiOGY2M2Q1ZiJ9\">\n\t\t\t\t\t<div class=\"e-gallery-image elementor-gallery-item__image\" data-thumbnail=\"https:\/\/www.gulerparkhotel.com.tr\/wp-content\/uploads\/2025\/06\/gulerpark-otel-26-550x550.jpg\" data-width=\"550\" data-height=\"550\" aria-label=\"\" role=\"img\" ><\/div>\n\t\t\t\t\t\t\t\t\t\t\t<div class=\"elementor-gallery-item__overlay\"><\/div>\n\t\t\t\t\t\t\t\t\t\t\t\t\t\t<\/a>\n\t\t\t\t\t\t\t<a class=\"e-gallery-item elementor-gallery-item elementor-animated-content\" data-e-gallery-tags=\"2\" href=\"https:\/\/www.gulerparkhotel.com.tr\/wp-content\/uploads\/2025\/06\/gulerpark-otel-27.jpg\" data-elementor-open-lightbox=\"yes\" data-elementor-lightbox-slideshow=\"8f63d5f\" data-elementor-lightbox-title=\"gulerpark-otel (27)\" data-e-action-hash=\"#elementor-action%3Aaction%3Dlightbox%26settings%3DeyJpZCI6MTIxMDUsInVybCI6Imh0dHBzOlwvXC93d3cuZ3VsZXJwYXJraG90ZWwuY29tLnRyXC93cC1jb250ZW50XC91cGxvYWRzXC8yMDI1XC8wNlwvZ3VsZXJwYXJrLW90ZWwtMjcuanBnIiwic2xpZGVzaG93IjoiOGY2M2Q1ZiJ9\">\n\t\t\t\t\t<div class=\"e-gallery-image elementor-gallery-item__image\" data-thumbnail=\"https:\/\/www.gulerparkhotel.com.tr\/wp-content\/uploads\/2025\/06\/gulerpark-otel-27-550x550.jpg\" data-width=\"550\" data-height=\"550\" aria-label=\"\" role=\"img\" ><\/div>\n\t\t\t\t\t\t\t\t\t\t\t<div class=\"elementor-gallery-item__overlay\"><\/div>\n\t\t\t\t\t\t\t\t\t\t\t\t\t\t<\/a>\n\t\t\t\t\t\t\t<a class=\"e-gallery-item elementor-gallery-item elementor-animated-content\" data-e-gallery-tags=\"2\" href=\"https:\/\/www.gulerparkhotel.com.tr\/wp-content\/uploads\/2025\/06\/gulerpark-otel-21.jpg\" data-elementor-open-lightbox=\"yes\" data-elementor-lightbox-slideshow=\"8f63d5f\" data-elementor-lightbox-title=\"gulerpark-otel (21)\" data-e-action-hash=\"#elementor-action%3Aaction%3Dlightbox%26settings%3DeyJpZCI6MTIxMDgsInVybCI6Imh0dHBzOlwvXC93d3cuZ3VsZXJwYXJraG90ZWwuY29tLnRyXC93cC1jb250ZW50XC91cGxvYWRzXC8yMDI1XC8wNlwvZ3VsZXJwYXJrLW90ZWwtMjEuanBnIiwic2xpZGVzaG93IjoiOGY2M2Q1ZiJ9\">\n\t\t\t\t\t<div class=\"e-gallery-image elementor-gallery-item__image\" data-thumbnail=\"https:\/\/www.gulerparkhotel.com.tr\/wp-content\/uploads\/2025\/06\/gulerpark-otel-21-550x550.jpg\" data-width=\"550\" data-height=\"550\" aria-label=\"\" role=\"img\" ><\/div>\n\t\t\t\t\t\t\t\t\t\t\t<div class=\"elementor-gallery-item__overlay\"><\/div>\n\t\t\t\t\t\t\t\t\t\t\t\t\t\t<\/a>\n\t\t\t\t\t\t\t<a class=\"e-gallery-item elementor-gallery-item elementor-animated-content\" data-e-gallery-tags=\"2\" href=\"https:\/\/www.gulerparkhotel.com.tr\/wp-content\/uploads\/2025\/06\/gulerpark-otel-22.jpg\" data-elementor-open-lightbox=\"yes\" data-elementor-lightbox-slideshow=\"8f63d5f\" data-elementor-lightbox-title=\"gulerpark-otel (22)\" data-e-action-hash=\"#elementor-action%3Aaction%3Dlightbox%26settings%3DeyJpZCI6MTIxMDksInVybCI6Imh0dHBzOlwvXC93d3cuZ3VsZXJwYXJraG90ZWwuY29tLnRyXC93cC1jb250ZW50XC91cGxvYWRzXC8yMDI1XC8wNlwvZ3VsZXJwYXJrLW90ZWwtMjIuanBnIiwic2xpZGVzaG93IjoiOGY2M2Q1ZiJ9\">\n\t\t\t\t\t<div class=\"e-gallery-image elementor-gallery-item__image\" data-thumbnail=\"https:\/\/www.gulerparkhotel.com.tr\/wp-content\/uploads\/2025\/06\/gulerpark-otel-22-550x550.jpg\" data-width=\"550\" data-height=\"550\" aria-label=\"\" role=\"img\" ><\/div>\n\t\t\t\t\t\t\t\t\t\t\t<div class=\"elementor-gallery-item__overlay\"><\/div>\n\t\t\t\t\t\t\t\t\t\t\t\t\t\t<\/a>\n\t\t\t\t\t<\/div>\n\t\t\t\t\t<\/div>\n\t\t\t\t<\/div>\n\t\t\t\t<\/div>\n\t\t\t\t\t<\/div>\n\t\t\t\t<\/div>\n\t\t\t\t<\/div>","protected":false},"excerpt":{"rendered":"<p>T\u00fcm\u00fc Kahvalt\u0131 Salonu Genel Alanlar Restaurant &#8211; Lobi Bar<\/p>","protected":false},"author":1,"featured_media":0,"parent":0,"menu_order":0,"comment_status":"closed","ping_status":"closed","template":"","meta":{"_monsterinsights_skip_tracking":false,"_monsterinsights_sitenote_active":false,"_monsterinsights_sitenote_note":"","_monsterinsights_sitenote_category":0,"footnotes":""},"class_list":["post-10645","page","type-page","status-publish","hentry"],"aioseo_notices":[],"_links":{"self":[{"href":"https:\/\/www.gulerparkhotel.com.tr\/en\/wp-json\/wp\/v2\/pages\/10645","targetHints":{"allow":["GET"]}}],"collection":[{"href":"https:\/\/www.gulerparkhotel.com.tr\/en\/wp-json\/wp\/v2\/pages"}],"about":[{"href":"https:\/\/www.gulerparkhotel.com.tr\/en\/wp-json\/wp\/v2\/types\/page"}],"author":[{"embeddable":true,"href":"https:\/\/www.gulerparkhotel.com.tr\/en\/wp-json\/wp\/v2\/users\/1"}],"replies":[{"embeddable":true,"href":"https:\/\/www.gulerparkhotel.com.tr\/en\/wp-json\/wp\/v2\/comments?post=10645"}],"version-history":[{"count":21,"href":"https:\/\/www.gulerparkhotel.com.tr\/en\/wp-json\/wp\/v2\/pages\/10645\/revisions"}],"predecessor-version":[{"id":12816,"href":"https:\/\/www.gulerparkhotel.com.tr\/en\/wp-json\/wp\/v2\/pages\/10645\/revisions\/12816"}],"wp:attachment":[{"href":"https:\/\/www.gulerparkhotel.com.tr\/en\/wp-json\/wp\/v2\/media?parent=10645"}],"curies":[{"name":"wp","href":"https:\/\/api.w.org\/{rel}","templated":true}]}}