{"id":12913,"date":"2025-10-04T21:20:00","date_gmt":"2025-10-04T21:20:00","guid":{"rendered":"https:\/\/www.gulerparkhotel.com.tr\/?page_id=12913"},"modified":"2025-11-14T05:03:50","modified_gmt":"2025-11-14T05:03:50","slug":"vip-toplanti-salonu","status":"publish","type":"page","link":"https:\/\/www.gulerparkhotel.com.tr\/en\/vip-toplanti-salonu\/","title":{"rendered":"VIP Meeting Room"},"content":{"rendered":"<div data-elementor-type=\"wp-page\" data-elementor-id=\"12913\" class=\"elementor elementor-12913\" data-elementor-post-type=\"page\">\n\t\t\t\t<div class=\"elementor-element elementor-element-35eb4d3 e-flex e-con-boxed tm-col-stretched-none tm-bg-color-over-image e-con e-parent\" data-id=\"35eb4d3\" data-element_type=\"container\">\n\t\t\t\t\t<div class=\"e-con-inner\">\n\t\t<div class=\"elementor-element elementor-element-c59c008 e-flex e-con-boxed tm-col-stretched-none tm-bg-color-over-image e-con e-child\" data-id=\"c59c008\" data-element_type=\"container\">\n\t\t\t\t\t<div class=\"e-con-inner\">\n\t\t<div class=\"elementor-element elementor-element-8b9806f e-con-full e-flex tm-col-stretched-none tm-bg-color-over-image e-con e-child\" data-id=\"8b9806f\" data-element_type=\"container\">\n\t\t\t\t<div class=\"elementor-element elementor-element-05f3dc9 elementor-widget elementor-widget-tm-ele-navigation-menu\" data-id=\"05f3dc9\" data-element_type=\"widget\" data-widget_type=\"tm-ele-navigation-menu.default\">\n\t\t\t\t<div class=\"elementor-widget-container\">\n\t\t\t\t\t<div class=\"tm-sc-simple-nav-menu\"><ul id=\"menu-service-menu\" class=\"\"><li id=\"menu-item-12199\" class=\"menu-item menu-item-type-post_type menu-item-object-kodelisting_room menu-item-12199\"><a href=\"https:\/\/www.gulerparkhotel.com.tr\/en\/room\/standart-oda\/\"><i class=\"tm-nav-arrow-icon fas fa-arrow-right\"><\/i>Standard Room<\/a><\/li>\n<li id=\"menu-item-12200\" class=\"menu-item menu-item-type-post_type menu-item-object-kodelisting_room menu-item-12200\"><a href=\"https:\/\/www.gulerparkhotel.com.tr\/en\/room\/executive-oda\/\"><i class=\"tm-nav-arrow-icon fas fa-arrow-right\"><\/i>Executive Room<\/a><\/li>\n<li id=\"menu-item-12202\" class=\"menu-item menu-item-type-post_type menu-item-object-kodelisting_room menu-item-12202\"><a href=\"https:\/\/www.gulerparkhotel.com.tr\/en\/room\/deluxe-oda\/\"><i class=\"tm-nav-arrow-icon fas fa-arrow-right\"><\/i>Deluxe Room<\/a><\/li>\n<li id=\"menu-item-12945\" class=\"menu-item menu-item-type-post_type menu-item-object-page menu-item-12945\"><a href=\"https:\/\/www.gulerparkhotel.com.tr\/en\/vip-toplanti-salonu\/\"><i class=\"tm-nav-arrow-icon fas fa-arrow-right\"><\/i>VIP Meeting Room<\/a><\/li>\n<li id=\"menu-item-5208\" class=\"menu-item menu-item-type-post_type menu-item-object-page menu-item-5208\"><a href=\"https:\/\/www.gulerparkhotel.com.tr\/en\/spa\/\"><i class=\"tm-nav-arrow-icon fas fa-arrow-right\"><\/i>Spa<\/a><\/li>\n<li id=\"menu-item-5207\" class=\"menu-item menu-item-type-post_type menu-item-object-page menu-item-5207\"><a href=\"https:\/\/www.gulerparkhotel.com.tr\/en\/restaurant\/\"><i class=\"tm-nav-arrow-icon fas fa-arrow-right\"><\/i>Restaurant<\/a><\/li>\n<\/ul><\/div>\t\t\t\t<\/div>\n\t\t\t\t<\/div>\n\t\t<div class=\"elementor-element elementor-element-3f857d6 tm-col-stretched-none e-flex e-con-boxed tm-bg-color-over-image e-con e-child\" data-id=\"3f857d6\" data-element_type=\"container\">\n\t\t\t\t\t<div class=\"e-con-inner\">\n\t\t\t\t\t<\/div>\n\t\t\t\t<\/div>\n\t\t<div class=\"elementor-element elementor-element-007992b e-con-full e-flex tm-col-stretched-none tm-bg-color-over-image e-con e-child\" data-id=\"007992b\" data-element_type=\"container\" data-settings=\"{&quot;background_background&quot;:&quot;classic&quot;}\">\n\t\t\t\t<div class=\"elementor-element elementor-element-d7c3ff6 elementor-widget elementor-widget-heading\" data-id=\"d7c3ff6\" data-element_type=\"widget\" data-widget_type=\"heading.default\">\n\t\t\t\t<div class=\"elementor-widget-container\">\n\t\t\t\t\t<h4 class=\"elementor-heading-title elementor-size-default\">Please call or write to us for reservations.<\/h4>\t\t\t\t<\/div>\n\t\t\t\t<\/div>\n\t\t\t\t<div class=\"elementor-element elementor-element-c0cf6a2 elementor-widget elementor-widget-tm-ele-iconbox\" data-id=\"c0cf6a2\" data-element_type=\"widget\" data-widget_type=\"tm-ele-iconbox.default\">\n\t\t\t\t<div class=\"elementor-widget-container\">\n\t\t\t\t\t<div class=\"tm-sc-icon-box icon-box icon-top font-icon icon-top animate-hover icon-rotate-y\">\r\n\t\r\n  \t<div class=\"icon-box-wrapper\">\r\n\t\t\r\n\t\t<div class=\"icon-wrapper\">\r\n\t\t<div class=\"icon icon-round icon-type-font-icon icon-md\">\r\n\t\t\t<i aria-hidden=\"true\" class=\"flaticon-common-phone-call\"><\/i>\t\t<\/div>\r\n\r\n\t\t\t<\/div>\r\n\t\t\t<div class=\"icon-text\">\r\n\t\t\t\t\t\t\r\n\t\t\t\t<h4 class=\"icon-box-title\">\r\n\t\t\t\t\t\t\tNeed a reservation? Call us, it's free.\t\t\t\t\t<\/h4>\r\n\t\t\t\t\t<div class=\"content\"><p><span>90 224 480 00 21<\/span><\/p><div id=\"42DD5F88_7C2E_4011_FCCE_8BFF3C6B760C\"><\/div><\/div>\r\n\t\t\t\r\n\t\t\t\r\n\t\r\n\t\t\t\t\t<\/div>\r\n\t\t<div class=\"clearfix\"><\/div>\r\n\t<\/div>\r\n<\/div>\t\t\t\t<\/div>\n\t\t\t\t<\/div>\n\t\t\t\t<\/div>\n\t\t\t\t<\/div>\n\t\t<div class=\"elementor-element elementor-element-9556410 e-con-full tm-col-stretched-none e-flex tm-bg-color-over-image e-con e-child\" data-id=\"9556410\" data-element_type=\"container\">\n\t\t\t\t<div class=\"elementor-element elementor-element-20b5cae elementor-widget elementor-widget-image\" data-id=\"20b5cae\" data-element_type=\"widget\" data-widget_type=\"image.default\">\n\t\t\t\t<div class=\"elementor-widget-container\">\n\t\t\t\t\t\t\t\t\t\t\t\t\t\t\t<img decoding=\"async\" src=\"https:\/\/www.gulerparkhotel.com.tr\/wp-content\/uploads\/2025\/10\/vip-salon.jpg\" title=\"vip-salon\" alt=\"vip-salon\" loading=\"lazy\" \/>\t\t\t\t\t\t\t\t\t\t\t\t\t\t\t<\/div>\n\t\t\t\t<\/div>\n\t\t\t\t<div class=\"elementor-element elementor-element-1fab395 elementor-widget elementor-widget-tm-ele-text-editor\" data-id=\"1fab395\" data-element_type=\"widget\" data-widget_type=\"tm-ele-text-editor.default\">\n\t\t\t\t<div class=\"elementor-widget-container\">\n\t\t\t\t\t\t\t<div class=\"tm-text-editor\">\r\n\t\t<h2 data-start=\"253\" data-end=\"289\">The New Address for Prestigious Meetings<\/h2><div id=\"42DD5F88_7C2E_4011_FCCE_8BFF3C6B760C\"><\/div><div id=\"42DD5F88_7C2E_4011_FCCE_8BFF3C6B760C\"><\/div>\t\t<\/div>\r\n\t\t\t\t\t<\/div>\n\t\t\t\t<\/div>\n\t\t\t\t<div class=\"elementor-element elementor-element-ceda25e elementor-widget elementor-widget-tm-ele-text-editor\" data-id=\"ceda25e\" data-element_type=\"widget\" data-widget_type=\"tm-ele-text-editor.default\">\n\t\t\t\t<div class=\"elementor-widget-container\">\n\t\t\t\t\t\t\t<div class=\"tm-text-editor\">\r\n\t\t<p>Designed for the most important meetings, strategic decisions and special presentations of the business world. <b>VIP Toplant\u0131 Salonumuz<\/b>, konfor ve teknolojiyi kusursuz bir \u015fekilde bir araya getiriyor.<\/p><div id=\"42DD5F88_7C2E_4011_FCCE_8BFF3C6B760C\"><\/div><div id=\"42DD5F88_7C2E_4011_FCCE_8BFF3C6B760C\"><\/div>\t\t<\/div>\r\n\t\t\t\t\t<\/div>\n\t\t\t\t<\/div>\n\t\t\t\t<div class=\"elementor-element elementor-element-d8eb9e1 elementor-widget elementor-widget-tm-ele-iconbox\" data-id=\"d8eb9e1\" data-element_type=\"widget\" data-widget_type=\"tm-ele-iconbox.default\">\n\t\t\t\t<div class=\"elementor-widget-container\">\n\t\t\t\t\t<div class=\"tm-sc-icon-box icon-box icon-top no-icon icon-top animate-hover icon-rotate-y\">\r\n\t\r\n  \t<div class=\"icon-box-wrapper\">\r\n\t\t\r\n\t\t\t<div class=\"icon-text\">\r\n\t\t\t\t\t\t\r\n\t\t\t\t<p class=\"icon-box-title\">\r\n\t\t\t\t\t\t\tThe privacy, comfort and professional service standards you seek when hosting your special guests are abundantly available in this hall.\n\n\n\t\t\t\t\t<\/p>\r\n\t\t\t\t\t\t\t\t\r\n\t\t\t\r\n\t\r\n\t\t\t\t\t<\/div>\r\n\t\t<div class=\"clearfix\"><\/div>\r\n\t<\/div>\r\n<\/div>\t\t\t\t<\/div>\n\t\t\t\t<\/div>\n\t\t<div class=\"elementor-element elementor-element-ae8a577 e-flex e-con-boxed tm-col-stretched-none tm-bg-color-over-image e-con e-child\" data-id=\"ae8a577\" data-element_type=\"container\">\n\t\t\t\t\t<div class=\"e-con-inner\">\n\t\t\t\t<div class=\"elementor-element elementor-element-dec82b5 elementor-arrows-position-inside elementor-widget elementor-widget-image-carousel\" data-id=\"dec82b5\" data-element_type=\"widget\" data-settings=\"{&quot;slides_to_show&quot;:&quot;2&quot;,&quot;navigation&quot;:&quot;arrows&quot;,&quot;autoplay&quot;:&quot;yes&quot;,&quot;pause_on_hover&quot;:&quot;yes&quot;,&quot;pause_on_interaction&quot;:&quot;yes&quot;,&quot;autoplay_speed&quot;:5000,&quot;infinite&quot;:&quot;yes&quot;,&quot;speed&quot;:500,&quot;image_spacing_custom&quot;:{&quot;unit&quot;:&quot;px&quot;,&quot;size&quot;:20,&quot;sizes&quot;:[]},&quot;image_spacing_custom_tablet&quot;:{&quot;unit&quot;:&quot;px&quot;,&quot;size&quot;:&quot;&quot;,&quot;sizes&quot;:[]},&quot;image_spacing_custom_mobile&quot;:{&quot;unit&quot;:&quot;px&quot;,&quot;size&quot;:&quot;&quot;,&quot;sizes&quot;:[]}}\" data-widget_type=\"image-carousel.default\">\n\t\t\t\t<div class=\"elementor-widget-container\">\n\t\t\t\t\t\t\t<div class=\"elementor-image-carousel-wrapper swiper\" role=\"region\" aria-roledescription=\"carousel\" aria-label=\"Image Carousel\" dir=\"ltr\">\n\t\t\t<div class=\"elementor-image-carousel swiper-wrapper\" aria-live=\"off\">\n\t\t\t\t\t\t\t\t<div class=\"swiper-slide\" role=\"group\" aria-roledescription=\"slide\" aria-label=\"1 \/ 3\"><figure class=\"swiper-slide-inner\"><img decoding=\"async\" class=\"swiper-slide-image\" src=\"https:\/\/www.gulerparkhotel.com.tr\/wp-content\/uploads\/2025\/11\/guler-otel-toplanti1-672x448.jpg\" alt=\"guler-otel-toplanti1\" \/><\/figure><\/div><div class=\"swiper-slide\" role=\"group\" aria-roledescription=\"slide\" aria-label=\"2 \/ 3\"><figure class=\"swiper-slide-inner\"><img decoding=\"async\" class=\"swiper-slide-image\" src=\"https:\/\/www.gulerparkhotel.com.tr\/wp-content\/uploads\/2025\/11\/guler-otel-toplanti2-672x448.jpg\" alt=\"guler-otel-toplanti2\" \/><\/figure><\/div><div class=\"swiper-slide\" role=\"group\" aria-roledescription=\"slide\" aria-label=\"3 \/ 3\"><figure class=\"swiper-slide-inner\"><img decoding=\"async\" class=\"swiper-slide-image\" src=\"https:\/\/www.gulerparkhotel.com.tr\/wp-content\/uploads\/2025\/11\/guler-otel-toplanti3-672x448.jpg\" alt=\"guler-otel-toplanti3\" \/><\/figure><\/div>\t\t\t<\/div>\n\t\t\t\t\t\t\t\t\t\t\t\t<div class=\"elementor-swiper-button elementor-swiper-button-prev\" role=\"button\" tabindex=\"0\">\n\t\t\t\t\t\t<svg aria-hidden=\"true\" class=\"e-font-icon-svg e-eicon-chevron-left\" viewbox=\"0 0 1000 1000\" xmlns=\"http:\/\/www.w3.org\/2000\/svg\"><path d=\"M646 125C629 125 613 133 604 142L308 442C296 454 292 471 292 487 292 504 296 521 308 533L604 854C617 867 629 875 646 875 663 875 679 871 692 858 704 846 713 829 713 812 713 796 708 779 692 767L438 487 692 225C700 217 708 204 708 187 708 171 704 154 692 142 675 129 663 125 646 125Z\"><\/path><\/svg>\t\t\t\t\t<\/div>\n\t\t\t\t\t<div class=\"elementor-swiper-button elementor-swiper-button-next\" role=\"button\" tabindex=\"0\">\n\t\t\t\t\t\t<svg aria-hidden=\"true\" class=\"e-font-icon-svg e-eicon-chevron-right\" viewbox=\"0 0 1000 1000\" xmlns=\"http:\/\/www.w3.org\/2000\/svg\"><path d=\"M696 533C708 521 713 504 713 487 713 471 708 454 696 446L400 146C388 133 375 125 354 125 338 125 325 129 313 142 300 154 292 171 292 187 292 204 296 221 308 233L563 492 304 771C292 783 288 800 288 817 288 833 296 850 308 863 321 871 338 875 354 875 371 875 388 867 400 854L696 533Z\"><\/path><\/svg>\t\t\t\t\t<\/div>\n\t\t\t\t\n\t\t\t\t\t\t\t\t\t<\/div>\n\t\t\t\t\t\t<\/div>\n\t\t\t\t<\/div>\n\t\t\t\t\t<\/div>\n\t\t\t\t<\/div>\n\t\t\t\t<div class=\"elementor-element elementor-element-4b31727 elementor-widget elementor-widget-tm-ele-text-editor\" data-id=\"4b31727\" data-element_type=\"widget\" data-widget_type=\"tm-ele-text-editor.default\">\n\t\t\t\t<div class=\"elementor-widget-container\">\n\t\t\t\t\t\t\t<div class=\"tm-text-editor\">\r\n\t\t<p><b>Private Space and Confidentiality:<\/b> The opportunity to comfortably discuss even your most sensitive topics in a private area reserved just for you, away from the noise.<\/p><p><b>High Comfort:<\/b> Ergonomic and comfortable seating arrangement that minimizes fatigue even during long meetings.<\/p><p><b>Technological Equipment:<\/b> Uninterrupted presentation and teleconferencing opportunities with the latest generation image and audio systems (smart board, high-resolution projection, fast Wi-Fi access).<\/p><p><b>Special Catering Service:<\/b> Optional special coffee break menus, light snacks or lunch services without interrupting your meeting flow.<\/p><div id=\"42DD5F88_7C2E_4011_FCCE_8BFF3C6B760C\"><\/div><div id=\"42DD5F88_7C2E_4011_FCCE_8BFF3C6B760C\"><\/div>\t\t<\/div>\r\n\t\t\t\t\t<\/div>\n\t\t\t\t<\/div>\n\t\t<div class=\"elementor-element elementor-element-dc6fa09 e-con-full tm-col-stretched-none e-flex tm-bg-color-over-image e-con e-child\" data-id=\"dc6fa09\" data-element_type=\"container\">\n\t\t<div class=\"elementor-element elementor-element-1e6e771 e-con-full tm-col-stretched-none e-flex tm-bg-color-over-image e-con e-child\" data-id=\"1e6e771\" data-element_type=\"container\">\n\t\t\t\t<div class=\"elementor-element elementor-element-ab3d44d elementor-widget elementor-widget-image\" data-id=\"ab3d44d\" data-element_type=\"widget\" data-widget_type=\"image.default\">\n\t\t\t\t<div class=\"elementor-widget-container\">\n\t\t\t\t\t\t\t\t\t\t\t\t\t\t\t<img fetchpriority=\"high\" decoding=\"async\" width=\"672\" height=\"448\" src=\"https:\/\/www.gulerparkhotel.com.tr\/wp-content\/uploads\/2025\/11\/guler-otel-toplanti3-672x448.jpg\" class=\"attachment-post-thumbnail size-post-thumbnail wp-image-13129\" alt=\"\" srcset=\"https:\/\/www.gulerparkhotel.com.tr\/wp-content\/uploads\/2025\/11\/guler-otel-toplanti3-672x448.jpg 672w, https:\/\/www.gulerparkhotel.com.tr\/wp-content\/uploads\/2025\/11\/guler-otel-toplanti3-300x200.jpg 300w, https:\/\/www.gulerparkhotel.com.tr\/wp-content\/uploads\/2025\/11\/guler-otel-toplanti3-768x512.jpg 768w, https:\/\/www.gulerparkhotel.com.tr\/wp-content\/uploads\/2025\/11\/guler-otel-toplanti3-18x12.jpg 18w, https:\/\/www.gulerparkhotel.com.tr\/wp-content\/uploads\/2025\/11\/guler-otel-toplanti3-600x400.jpg 600w, https:\/\/www.gulerparkhotel.com.tr\/wp-content\/uploads\/2025\/11\/guler-otel-toplanti3.jpg 800w\" sizes=\"255px\" data-kodelisting-lazy-load-sizes=\"(max-width: 672px) 100vw, 672px\" data-kodelisting-loading-image=\"on\" \/>\t\t\t\t\t\t\t\t\t\t\t\t\t\t\t<\/div>\n\t\t\t\t<\/div>\n\t\t\t\t<\/div>\n\t\t<div class=\"elementor-element elementor-element-28780d3 e-con-full tm-col-stretched-none e-flex tm-bg-color-over-image e-con e-child\" data-id=\"28780d3\" data-element_type=\"container\">\n\t\t\t\t<div class=\"elementor-element elementor-element-1fe38c8 elementor-widget elementor-widget-text-editor\" data-id=\"1fe38c8\" data-element_type=\"widget\" data-widget_type=\"text-editor.default\">\n\t\t\t\t<div class=\"elementor-widget-container\">\n\t\t\t\t\t\t\t\t\t<p>Whether it's a board meeting or an important client presentation; <b>VIP Toplant\u0131 Salonumuz<\/b>, etkinli\u011finizin ciddiyetine yak\u0131\u015fan bir ortam sunmak \u00fczere haz\u0131rd\u0131r.<\/p><p>Please contact us to get information about the capacity and technical details of our hall and to make a reservation.<\/p><div id=\"42DD5F88_7C2E_4011_FCCE_8BFF3C6B760C\"><\/div><div id=\"42DD5F88_7C2E_4011_FCCE_8BFF3C6B760C\"><\/div>\t\t\t\t\t\t\t\t<\/div>\n\t\t\t\t<\/div>\n\t\t\t\t<\/div>\n\t\t\t\t<\/div>\n\t\t\t\t<\/div>\n\t\t\t\t\t<\/div>\n\t\t\t\t<\/div>\n\t\t\t\t\t<\/div>\n\t\t\t\t<\/div>\n\t\t\t\t<\/div>","protected":false},"excerpt":{"rendered":"<p>Standart Oda Executive Oda Deluxe Oda Vip Toplant\u0131 Salonu Spa Restaurant Rezervasyon i\u00e7in l\u00fctfen bizi aray\u0131n veya bize yaz\u0131n. Rezervasyona&#8230;<\/p>","protected":false},"author":1,"featured_media":0,"parent":0,"menu_order":0,"comment_status":"closed","ping_status":"closed","template":"","meta":{"_monsterinsights_skip_tracking":false,"_monsterinsights_sitenote_active":false,"_monsterinsights_sitenote_note":"","_monsterinsights_sitenote_category":0,"footnotes":""},"class_list":["post-12913","page","type-page","status-publish","hentry"],"aioseo_notices":[],"_links":{"self":[{"href":"https:\/\/www.gulerparkhotel.com.tr\/en\/wp-json\/wp\/v2\/pages\/12913","targetHints":{"allow":["GET"]}}],"collection":[{"href":"https:\/\/www.gulerparkhotel.com.tr\/en\/wp-json\/wp\/v2\/pages"}],"about":[{"href":"https:\/\/www.gulerparkhotel.com.tr\/en\/wp-json\/wp\/v2\/types\/page"}],"author":[{"embeddable":true,"href":"https:\/\/www.gulerparkhotel.com.tr\/en\/wp-json\/wp\/v2\/users\/1"}],"replies":[{"embeddable":true,"href":"https:\/\/www.gulerparkhotel.com.tr\/en\/wp-json\/wp\/v2\/comments?post=12913"}],"version-history":[{"count":25,"href":"https:\/\/www.gulerparkhotel.com.tr\/en\/wp-json\/wp\/v2\/pages\/12913\/revisions"}],"predecessor-version":[{"id":13132,"href":"https:\/\/www.gulerparkhotel.com.tr\/en\/wp-json\/wp\/v2\/pages\/12913\/revisions\/13132"}],"wp:attachment":[{"href":"https:\/\/www.gulerparkhotel.com.tr\/en\/wp-json\/wp\/v2\/media?parent=12913"}],"curies":[{"name":"wp","href":"https:\/\/api.w.org\/{rel}","templated":true}]}}