{"id":2993,"date":"2025-01-26T04:49:09","date_gmt":"2025-01-26T04:49:09","guid":{"rendered":"https:\/\/dev251.kodesolution.com\/hoteler\/island\/?page_id=2993"},"modified":"2025-10-04T21:17:31","modified_gmt":"2025-10-04T21:17:31","slug":"odalar","status":"publish","type":"page","link":"https:\/\/www.gulerparkhotel.com.tr\/en\/odalar\/","title":{"rendered":"Rooms"},"content":{"rendered":"<div data-elementor-type=\"wp-page\" data-elementor-id=\"2993\" class=\"elementor elementor-2993\" data-elementor-post-type=\"page\">\n\t\t\t\t<div class=\"elementor-element elementor-element-293435c e-flex e-con-boxed tm-col-stretched-none tm-bg-color-over-image e-con e-parent\" data-id=\"293435c\" data-element_type=\"container\">\n\t\t\t\t\t<div class=\"e-con-inner\">\n\t\t<div class=\"elementor-element elementor-element-72ab881 e-con-full e-flex tm-col-stretched-none tm-bg-color-over-image e-con e-child\" data-id=\"72ab881\" data-element_type=\"container\">\n\t\t\t\t<\/div>\n\t\t<div class=\"elementor-element elementor-element-2c86fae e-con-full e-flex tm-col-stretched-none tm-bg-color-over-image e-con e-child\" data-id=\"2c86fae\" data-element_type=\"container\">\n\t\t\t\t<div class=\"elementor-element elementor-element-c291042 horizontal-line-align-left vertical-line-align-bottom elementor-widget elementor-widget-tm-ele-section-title\" data-id=\"c291042\" data-element_type=\"widget\" data-widget_type=\"tm-ele-section-title.default\">\n\t\t\t\t<div class=\"elementor-widget-container\">\n\t\t\t\t\t<div class=\"tm-sc-section-title section-title line-both-side-current-theme\">\r\n\t<div class=\"title-wrapper\">\r\n\t\t\t\t\r\n\r\n<div class=\"sub-title-outer\">\r\n\t\t<div class=\"subtitle\">\r\n\r\n\t\t\r\n\t\tG\u00fcler Park Hotel\t<\/div>\r\n\t<\/div>\t\t\t<h2 class=\"title tm-split-text split-in-right\">\r\n\r\n\t\t\r\n\t\t\t\t<span class=\"title-part1\">Rooms<\/span>\r\n\t\t\t\t\r\n\t\t\r\n\t<\/h2>\r\n\t<div class=\"title-seperator-line\"><\/div>\t\t\t\t\t\t<\/div>\r\n<\/div>\t\t\t\t<\/div>\n\t\t\t\t<\/div>\n\t\t\t\t<\/div>\n\t\t<div class=\"elementor-element elementor-element-8f63e3a e-con-full e-flex tm-col-stretched-none tm-bg-color-over-image e-con e-child\" data-id=\"8f63e3a\" data-element_type=\"container\">\n\t\t\t\t<\/div>\n\t\t\t\t\t<\/div>\n\t\t\t\t<\/div>\n\t\t<div class=\"elementor-element elementor-element-26fec00 e-flex e-con-boxed tm-col-stretched-none tm-bg-color-over-image e-con e-parent\" data-id=\"26fec00\" data-element_type=\"container\" data-settings=\"{&quot;background_background&quot;:&quot;classic&quot;}\">\n\t\t\t\t\t<div class=\"e-con-inner\">\n\t\t<div class=\"elementor-element elementor-element-be34524 e-con-full e-flex tm-col-stretched-none tm-bg-color-over-image e-con e-child\" data-id=\"be34524\" data-element_type=\"container\">\n\t\t\t\t<div class=\"elementor-element elementor-element-e7ce131 elementor-widget elementor-widget-image\" data-id=\"e7ce131\" data-element_type=\"widget\" data-widget_type=\"image.default\">\n\t\t\t\t<div class=\"elementor-widget-container\">\n\t\t\t\t\t\t\t\t\t\t\t\t\t\t\t<img fetchpriority=\"high\" decoding=\"async\" width=\"1024\" height=\"683\" src=\"https:\/\/www.gulerparkhotel.com.tr\/wp-content\/uploads\/2025\/08\/guler-park-standart-1024x683.jpg\" class=\"attachment-large size-large wp-image-12454\" alt=\"\" srcset=\"https:\/\/www.gulerparkhotel.com.tr\/wp-content\/uploads\/2025\/08\/guler-park-standart-1024x683.jpg 1024w, https:\/\/www.gulerparkhotel.com.tr\/wp-content\/uploads\/2025\/08\/guler-park-standart-600x400.jpg 600w, https:\/\/www.gulerparkhotel.com.tr\/wp-content\/uploads\/2025\/08\/guler-park-standart-300x200.jpg 300w, https:\/\/www.gulerparkhotel.com.tr\/wp-content\/uploads\/2025\/08\/guler-park-standart-768x512.jpg 768w, https:\/\/www.gulerparkhotel.com.tr\/wp-content\/uploads\/2025\/08\/guler-park-standart-1536x1024.jpg 1536w, https:\/\/www.gulerparkhotel.com.tr\/wp-content\/uploads\/2025\/08\/guler-park-standart-672x448.jpg 672w, https:\/\/www.gulerparkhotel.com.tr\/wp-content\/uploads\/2025\/08\/guler-park-standart.jpg 1920w\" sizes=\"255px\" data-kodelisting-lazy-load-sizes=\"(max-width: 1024px) 100vw, 1024px\" data-kodelisting-loading-image=\"on\" \/>\t\t\t\t\t\t\t\t\t\t\t\t\t\t\t<\/div>\n\t\t\t\t<\/div>\n\t\t\t\t<\/div>\n\t\t<div class=\"elementor-element elementor-element-276d4b7 e-con-full e-flex tm-col-stretched-none tm-bg-color-over-image e-con e-child\" data-id=\"276d4b7\" data-element_type=\"container\">\n\t\t\t\t<div class=\"elementor-element elementor-element-dee9df8 elementor-widget elementor-widget-tm-ele-text-editor\" data-id=\"dee9df8\" data-element_type=\"widget\" data-widget_type=\"tm-ele-text-editor.default\">\n\t\t\t\t<div class=\"elementor-widget-container\">\n\t\t\t\t\t\t\t<div class=\"tm-text-editor\">\r\n\t\t<h1>Standard Room<\/h1><div id=\"42DD5F88_7C2E_4011_FCCE_8BFF3C6B760C\"><\/div>\t\t<\/div>\r\n\t\t\t\t\t<\/div>\n\t\t\t\t<\/div>\n\t\t\t\t<div class=\"elementor-element elementor-element-ccf0f0e elementor-widget elementor-widget-text-editor\" data-id=\"ccf0f0e\" data-element_type=\"widget\" data-widget_type=\"text-editor.default\">\n\t\t\t\t<div class=\"elementor-widget-container\">\n\t\t\t\t\t\t\t\t\t<p><span>G\u00fcler Park Hotel's Standard Rooms, furnished with elegant details, add a simple yet comfortable touch to your city stay.\u00a0<\/span><\/p><div id=\"42DD5F88_7C2E_4011_FCCE_8BFF3C6B760C\"><\/div><div id=\"42DD5F88_7C2E_4011_FCCE_8BFF3C6B760C\"><\/div><div id=\"42DD5F88_7C2E_4011_FCCE_8BFF3C6B760C\"><\/div><div id=\"42DD5F88_7C2E_4011_FCCE_8BFF3C6B760C\"><\/div>\t\t\t\t\t\t\t\t<\/div>\n\t\t\t\t<\/div>\n\t\t\t\t<div class=\"elementor-element elementor-element-86bbe7e elementor-widget elementor-widget-tm-ele-button\" data-id=\"86bbe7e\" data-element_type=\"widget\" data-widget_type=\"tm-ele-button.default\">\n\t\t\t\t<div class=\"elementor-widget-container\">\n\t\t\t\t\t<div class=\"tm-sc-button btn-view-details\">\r\n\t<a  href=\"https:\/\/www.gulerparkhotel.com.tr\/en\/room\/standart-oda\/\"\r\n\t\t\t\t\t\tclass=\"btn btn-theme-colored1\">\r\n\r\n\r\n\t\t\r\n\t\t<span>\r\n\t\tExamine\t\t<\/span>\r\n\r\n\t\t\t<\/a>\r\n<\/div>\t\t\t\t<\/div>\n\t\t\t\t<\/div>\n\t\t\t\t<\/div>\n\t\t\t\t\t<\/div>\n\t\t\t\t<\/div>\n\t\t<div class=\"elementor-element elementor-element-1b5be33 e-flex e-con-boxed tm-col-stretched-none tm-bg-color-over-image e-con e-parent\" data-id=\"1b5be33\" data-element_type=\"container\" data-settings=\"{&quot;background_background&quot;:&quot;classic&quot;}\">\n\t\t\t\t\t<div class=\"e-con-inner\">\n\t\t<div class=\"elementor-element elementor-element-0f98f56 e-con-full tm-col-stretched-none e-flex tm-bg-color-over-image e-con e-child\" data-id=\"0f98f56\" data-element_type=\"container\">\n\t\t\t\t<div class=\"elementor-element elementor-element-3434e7e elementor-widget elementor-widget-tm-ele-text-editor\" data-id=\"3434e7e\" data-element_type=\"widget\" data-widget_type=\"tm-ele-text-editor.default\">\n\t\t\t\t<div class=\"elementor-widget-container\">\n\t\t\t\t\t\t\t<div class=\"tm-text-editor\">\r\n\t\t<h2 class=\"entry-title\">Deluxe Room<\/h2><div class=\"item-subtitle\"><\/div><div id=\"42DD5F88_7C2E_4011_FCCE_8BFF3C6B760C\"><\/div><div id=\"42DD5F88_7C2E_4011_FCCE_8BFF3C6B760C\"><\/div><div id=\"42DD5F88_7C2E_4011_FCCE_8BFF3C6B760C\"><\/div><div id=\"42DD5F88_7C2E_4011_FCCE_8BFF3C6B760C\"><\/div>\t\t<\/div>\r\n\t\t\t\t\t<\/div>\n\t\t\t\t<\/div>\n\t\t\t\t<div class=\"elementor-element elementor-element-94a8a51 elementor-widget elementor-widget-text-editor\" data-id=\"94a8a51\" data-element_type=\"widget\" data-widget_type=\"text-editor.default\">\n\t\t\t\t<div class=\"elementor-widget-container\">\n\t\t\t\t\t\t\t\t\t<div class=\"elementor-element elementor-element-5be6db1 elementor-widget elementor-widget-tm-ele-text-editor\" data-id=\"5be6db1\" data-element_type=\"widget\" data-widget_type=\"tm-ele-text-editor.default\"><div class=\"elementor-widget-container\"><div class=\"tm-text-editor\"><p data-start=\"257\" data-end=\"552\">Ideal for a comfortable and enjoyable family stay, Junior Family Rooms offer functional spaces for both parents and children. These spacious and airy rooms offer a private space where you can relax with the whole family.<\/p><div id=\"42DD5F88_7C2E_4011_FCCE_8BFF3C6B760C\"><\/div><div id=\"42DD5F88_7C2E_4011_FCCE_8BFF3C6B760C\"><\/div><\/div><\/div><\/div><div class=\"elementor-element elementor-element-e658d6b e-flex e-con-boxed tm-col-stretched-none tm-bg-color-over-image e-con e-child tm-bgimage-no tm-bgcolor-yes\" data-id=\"e658d6b\" data-element_type=\"container\" data-settings=\"{&quot;background_background&quot;:&quot;classic&quot;}\"><div class=\"e-con-inner\"><div class=\"elementor-element elementor-element-838fe27 e-flex e-con-boxed tm-col-stretched-none tm-bg-color-over-image e-con e-child tm-bgimage-no tm-bgcolor-yes\" data-id=\"838fe27\" data-element_type=\"container\"><div class=\"e-con-inner\"><div class=\"elementor-element elementor-element-0a28c6d elementor-widget elementor-widget-tm-ele-text-editor-advanced\" data-id=\"0a28c6d\" data-element_type=\"widget\" data-widget_type=\"tm-ele-text-editor-advanced.default\"><div class=\"elementor-widget-container\"><div class=\"tm-text-editor-advanced\"><div class=\"each-item elementor-repeater-item-4181734\"><\/div><\/div><\/div><\/div><\/div><\/div><\/div><\/div><div id=\"42DD5F88_7C2E_4011_FCCE_8BFF3C6B760C\"><\/div><div id=\"42DD5F88_7C2E_4011_FCCE_8BFF3C6B760C\"><\/div><div id=\"42DD5F88_7C2E_4011_FCCE_8BFF3C6B760C\"><\/div><div id=\"42DD5F88_7C2E_4011_FCCE_8BFF3C6B760C\"><\/div>\t\t\t\t\t\t\t\t<\/div>\n\t\t\t\t<\/div>\n\t\t\t\t<div class=\"elementor-element elementor-element-3deb729 elementor-widget elementor-widget-tm-ele-button\" data-id=\"3deb729\" data-element_type=\"widget\" data-widget_type=\"tm-ele-button.default\">\n\t\t\t\t<div class=\"elementor-widget-container\">\n\t\t\t\t\t<div class=\"tm-sc-button btn-view-details\">\r\n\t<a  href=\"https:\/\/www.gulerparkhotel.com.tr\/en\/room\/junior-oda\/\"\r\n\t\t\t\t\t\tclass=\"btn btn-theme-colored1\">\r\n\r\n\r\n\t\t\r\n\t\t<span>\r\n\t\tExamine\t\t<\/span>\r\n\r\n\t\t\t<\/a>\r\n<\/div>\t\t\t\t<\/div>\n\t\t\t\t<\/div>\n\t\t\t\t<\/div>\n\t\t<div class=\"elementor-element elementor-element-ff9b3ba e-con-full tm-col-stretched-none e-flex tm-bg-color-over-image e-con e-child\" data-id=\"ff9b3ba\" data-element_type=\"container\">\n\t\t\t\t<div class=\"elementor-element elementor-element-25115c6 elementor-widget elementor-widget-image\" data-id=\"25115c6\" data-element_type=\"widget\" data-widget_type=\"image.default\">\n\t\t\t\t<div class=\"elementor-widget-container\">\n\t\t\t\t\t\t\t\t\t\t\t\t\t\t\t<img decoding=\"async\" width=\"1024\" height=\"683\" src=\"https:\/\/www.gulerparkhotel.com.tr\/wp-content\/uploads\/2025\/08\/guler-park-junior-1024x683.jpg\" class=\"attachment-large size-large wp-image-12445\" alt=\"\" srcset=\"https:\/\/www.gulerparkhotel.com.tr\/wp-content\/uploads\/2025\/08\/guler-park-junior-1024x683.jpg 1024w, https:\/\/www.gulerparkhotel.com.tr\/wp-content\/uploads\/2025\/08\/guler-park-junior-600x400.jpg 600w, https:\/\/www.gulerparkhotel.com.tr\/wp-content\/uploads\/2025\/08\/guler-park-junior-300x200.jpg 300w, https:\/\/www.gulerparkhotel.com.tr\/wp-content\/uploads\/2025\/08\/guler-park-junior-768x512.jpg 768w, https:\/\/www.gulerparkhotel.com.tr\/wp-content\/uploads\/2025\/08\/guler-park-junior-1536x1024.jpg 1536w, https:\/\/www.gulerparkhotel.com.tr\/wp-content\/uploads\/2025\/08\/guler-park-junior-672x448.jpg 672w, https:\/\/www.gulerparkhotel.com.tr\/wp-content\/uploads\/2025\/08\/guler-park-junior.jpg 1920w\" sizes=\"255px\" data-kodelisting-lazy-load-sizes=\"(max-width: 1024px) 100vw, 1024px\" data-kodelisting-loading-image=\"on\" \/>\t\t\t\t\t\t\t\t\t\t\t\t\t\t\t<\/div>\n\t\t\t\t<\/div>\n\t\t\t\t<\/div>\n\t\t\t\t\t<\/div>\n\t\t\t\t<\/div>\n\t\t<div class=\"elementor-element elementor-element-e19a722 e-flex e-con-boxed tm-col-stretched-none tm-bg-color-over-image e-con e-parent\" data-id=\"e19a722\" data-element_type=\"container\" data-settings=\"{&quot;background_background&quot;:&quot;classic&quot;}\">\n\t\t\t\t\t<div class=\"e-con-inner\">\n\t\t<div class=\"elementor-element elementor-element-1837c21 e-con-full tm-col-stretched-none e-flex tm-bg-color-over-image e-con e-child\" data-id=\"1837c21\" data-element_type=\"container\">\n\t\t\t\t<div class=\"elementor-element elementor-element-934647e elementor-widget elementor-widget-tm-ele-text-editor\" data-id=\"934647e\" data-element_type=\"widget\" data-widget_type=\"tm-ele-text-editor.default\">\n\t\t\t\t<div class=\"elementor-widget-container\">\n\t\t\t\t\t\t\t<div class=\"tm-text-editor\">\r\n\t\t<h2 class=\"entry-title\">Connection Room<\/h2><div class=\"item-subtitle\"><\/div><div id=\"42DD5F88_7C2E_4011_FCCE_8BFF3C6B760C\"><\/div><div id=\"42DD5F88_7C2E_4011_FCCE_8BFF3C6B760C\"><\/div><div id=\"42DD5F88_7C2E_4011_FCCE_8BFF3C6B760C\"><\/div><div id=\"42DD5F88_7C2E_4011_FCCE_8BFF3C6B760C\"><\/div>\t\t<\/div>\r\n\t\t\t\t\t<\/div>\n\t\t\t\t<\/div>\n\t\t\t\t<div class=\"elementor-element elementor-element-bedeab6 elementor-widget elementor-widget-text-editor\" data-id=\"bedeab6\" data-element_type=\"widget\" data-widget_type=\"text-editor.default\">\n\t\t\t\t<div class=\"elementor-widget-container\">\n\t\t\t\t\t\t\t\t\t<p><span>Designed for families and groups of friends who want to stay both together and independently, Connection Rooms offer a structure where two separate rooms are connected by an internal door.\u00a0<\/span><\/p><div id=\"42DD5F88_7C2E_4011_FCCE_8BFF3C6B760C\"><\/div><div id=\"42DD5F88_7C2E_4011_FCCE_8BFF3C6B760C\"><\/div><div id=\"42DD5F88_7C2E_4011_FCCE_8BFF3C6B760C\"><\/div>\t\t\t\t\t\t\t\t<\/div>\n\t\t\t\t<\/div>\n\t\t\t\t<div class=\"elementor-element elementor-element-df6d581 elementor-widget elementor-widget-tm-ele-button\" data-id=\"df6d581\" data-element_type=\"widget\" data-widget_type=\"tm-ele-button.default\">\n\t\t\t\t<div class=\"elementor-widget-container\">\n\t\t\t\t\t<div class=\"tm-sc-button btn-view-details\">\r\n\t<a  href=\"https:\/\/www.gulerparkhotel.com.tr\/en\/room\/connection-oda\/\"\r\n\t\t\t\t\t\tclass=\"btn btn-theme-colored1\">\r\n\r\n\r\n\t\t\r\n\t\t<span>\r\n\t\tExamine\t\t<\/span>\r\n\r\n\t\t\t<\/a>\r\n<\/div>\t\t\t\t<\/div>\n\t\t\t\t<\/div>\n\t\t\t\t<\/div>\n\t\t<div class=\"elementor-element elementor-element-cb42d83 e-con-full tm-col-stretched-none e-flex tm-bg-color-over-image e-con e-child\" data-id=\"cb42d83\" data-element_type=\"container\">\n\t\t\t\t<div class=\"elementor-element elementor-element-cfa1f06 elementor-widget elementor-widget-image\" data-id=\"cfa1f06\" data-element_type=\"widget\" data-widget_type=\"image.default\">\n\t\t\t\t<div class=\"elementor-widget-container\">\n\t\t\t\t\t\t\t\t\t\t\t\t\t\t\t<img decoding=\"async\" width=\"1024\" height=\"683\" src=\"https:\/\/www.gulerparkhotel.com.tr\/wp-content\/uploads\/2025\/08\/connection-1024x683.jpg\" class=\"attachment-large size-large wp-image-12781\" alt=\"\" srcset=\"https:\/\/www.gulerparkhotel.com.tr\/wp-content\/uploads\/2025\/08\/connection-1024x683.jpg 1024w, https:\/\/www.gulerparkhotel.com.tr\/wp-content\/uploads\/2025\/08\/connection-300x200.jpg 300w, https:\/\/www.gulerparkhotel.com.tr\/wp-content\/uploads\/2025\/08\/connection-768x512.jpg 768w, https:\/\/www.gulerparkhotel.com.tr\/wp-content\/uploads\/2025\/08\/connection-1536x1024.jpg 1536w, https:\/\/www.gulerparkhotel.com.tr\/wp-content\/uploads\/2025\/08\/connection-672x448.jpg 672w, https:\/\/www.gulerparkhotel.com.tr\/wp-content\/uploads\/2025\/08\/connection-600x400.jpg 600w, https:\/\/www.gulerparkhotel.com.tr\/wp-content\/uploads\/2025\/08\/connection.jpg 1920w\" sizes=\"255px\" data-kodelisting-lazy-load-sizes=\"(max-width: 1024px) 100vw, 1024px\" data-kodelisting-loading-image=\"on\" \/>\t\t\t\t\t\t\t\t\t\t\t\t\t\t\t<\/div>\n\t\t\t\t<\/div>\n\t\t\t\t<\/div>\n\t\t\t\t\t<\/div>\n\t\t\t\t<\/div>\n\t\t<div class=\"elementor-element elementor-element-c24e2b2 e-flex e-con-boxed tm-col-stretched-none tm-bg-color-over-image e-con e-parent\" data-id=\"c24e2b2\" data-element_type=\"container\" data-settings=\"{&quot;background_background&quot;:&quot;classic&quot;}\">\n\t\t\t\t\t<div class=\"e-con-inner\">\n\t\t<div class=\"elementor-element elementor-element-30b5e13 e-con-full tm-col-stretched-none e-flex tm-bg-color-over-image e-con e-child\" data-id=\"30b5e13\" data-element_type=\"container\">\n\t\t\t\t<div class=\"elementor-element elementor-element-7c6dadb elementor-widget elementor-widget-image\" data-id=\"7c6dadb\" data-element_type=\"widget\" data-widget_type=\"image.default\">\n\t\t\t\t<div class=\"elementor-widget-container\">\n\t\t\t\t\t\t\t\t\t\t\t\t\t\t\t<img loading=\"lazy\" decoding=\"async\" width=\"1024\" height=\"683\" src=\"https:\/\/www.gulerparkhotel.com.tr\/wp-content\/uploads\/2025\/08\/guler-park-executiy-oda1-1024x683.jpg\" class=\"attachment-large size-large wp-image-12418\" alt=\"\" srcset=\"https:\/\/www.gulerparkhotel.com.tr\/wp-content\/uploads\/2025\/08\/guler-park-executiy-oda1-1024x683.jpg 1024w, https:\/\/www.gulerparkhotel.com.tr\/wp-content\/uploads\/2025\/08\/guler-park-executiy-oda1-600x400.jpg 600w, https:\/\/www.gulerparkhotel.com.tr\/wp-content\/uploads\/2025\/08\/guler-park-executiy-oda1-300x200.jpg 300w, https:\/\/www.gulerparkhotel.com.tr\/wp-content\/uploads\/2025\/08\/guler-park-executiy-oda1-768x512.jpg 768w, https:\/\/www.gulerparkhotel.com.tr\/wp-content\/uploads\/2025\/08\/guler-park-executiy-oda1-1536x1024.jpg 1536w, https:\/\/www.gulerparkhotel.com.tr\/wp-content\/uploads\/2025\/08\/guler-park-executiy-oda1-672x448.jpg 672w, https:\/\/www.gulerparkhotel.com.tr\/wp-content\/uploads\/2025\/08\/guler-park-executiy-oda1.jpg 1920w\" sizes=\"255px\" data-kodelisting-lazy-load-sizes=\"(max-width: 1024px) 100vw, 1024px\" data-kodelisting-loading-image=\"on\" \/>\t\t\t\t\t\t\t\t\t\t\t\t\t\t\t<\/div>\n\t\t\t\t<\/div>\n\t\t\t\t<\/div>\n\t\t<div class=\"elementor-element elementor-element-b2e9a8c e-con-full tm-col-stretched-none e-flex tm-bg-color-over-image e-con e-child\" data-id=\"b2e9a8c\" data-element_type=\"container\">\n\t\t\t\t<div class=\"elementor-element elementor-element-4aaf464 elementor-widget elementor-widget-tm-ele-text-editor\" data-id=\"4aaf464\" data-element_type=\"widget\" data-widget_type=\"tm-ele-text-editor.default\">\n\t\t\t\t<div class=\"elementor-widget-container\">\n\t\t\t\t\t\t\t<div class=\"tm-text-editor\">\r\n\t\t<h2 class=\"entry-title\">Executive Room<\/h2><div class=\"item-subtitle\"><\/div><div id=\"42DD5F88_7C2E_4011_FCCE_8BFF3C6B760C\"><\/div><div id=\"42DD5F88_7C2E_4011_FCCE_8BFF3C6B760C\"><\/div><div id=\"42DD5F88_7C2E_4011_FCCE_8BFF3C6B760C\"><\/div><div id=\"42DD5F88_7C2E_4011_FCCE_8BFF3C6B760C\"><\/div><div id=\"42DD5F88_7C2E_4011_FCCE_8BFF3C6B760C\"><\/div><div id=\"42DD5F88_7C2E_4011_FCCE_8BFF3C6B760C\"><\/div><div id=\"42DD5F88_7C2E_4011_FCCE_8BFF3C6B760C\"><\/div>\t\t<\/div>\r\n\t\t\t\t\t<\/div>\n\t\t\t\t<\/div>\n\t\t\t\t<div class=\"elementor-element elementor-element-3f80ec0 elementor-widget elementor-widget-text-editor\" data-id=\"3f80ec0\" data-element_type=\"widget\" data-widget_type=\"text-editor.default\">\n\t\t\t\t<div class=\"elementor-widget-container\">\n\t\t\t\t\t\t\t\t\t<div class=\"elementor-element elementor-element-5be6db1 elementor-widget elementor-widget-tm-ele-text-editor\" data-id=\"5be6db1\" data-element_type=\"widget\" data-widget_type=\"tm-ele-text-editor.default\"><div class=\"elementor-widget-container\"><div class=\"tm-text-editor\"><p data-start=\"1394\" data-end=\"1666\">More space, more comfort! Our Family Suites, with their multiple rooms, are the perfect choice for large families or extended stays. With their spacious living areas, comfortable beds, and modern bathroom details, they offer a hotel experience with the comforts of home.<\/p><div id=\"42DD5F88_7C2E_4011_FCCE_8BFF3C6B760C\"><\/div><div id=\"42DD5F88_7C2E_4011_FCCE_8BFF3C6B760C\"><\/div><div id=\"42DD5F88_7C2E_4011_FCCE_8BFF3C6B760C\"><\/div><\/div><\/div><\/div><div class=\"elementor-element elementor-element-e658d6b e-flex e-con-boxed tm-col-stretched-none tm-bg-color-over-image e-con e-child tm-bgimage-no tm-bgcolor-yes\" data-id=\"e658d6b\" data-element_type=\"container\" data-settings=\"{&quot;background_background&quot;:&quot;classic&quot;}\"><div class=\"e-con-inner\"><div class=\"elementor-element elementor-element-838fe27 e-flex e-con-boxed tm-col-stretched-none tm-bg-color-over-image e-con e-child tm-bgimage-no tm-bgcolor-yes\" data-id=\"838fe27\" data-element_type=\"container\"><div class=\"e-con-inner\"><div class=\"elementor-element elementor-element-0a28c6d elementor-widget elementor-widget-tm-ele-text-editor-advanced\" data-id=\"0a28c6d\" data-element_type=\"widget\" data-widget_type=\"tm-ele-text-editor-advanced.default\"><div class=\"elementor-widget-container\"><div class=\"tm-text-editor-advanced\"><div class=\"each-item elementor-repeater-item-4181734\"><\/div><\/div><\/div><\/div><\/div><\/div><\/div><\/div><div id=\"42DD5F88_7C2E_4011_FCCE_8BFF3C6B760C\"><\/div><div id=\"42DD5F88_7C2E_4011_FCCE_8BFF3C6B760C\"><\/div><div id=\"42DD5F88_7C2E_4011_FCCE_8BFF3C6B760C\"><\/div><div id=\"42DD5F88_7C2E_4011_FCCE_8BFF3C6B760C\"><\/div><div id=\"42DD5F88_7C2E_4011_FCCE_8BFF3C6B760C\"><\/div>\t\t\t\t\t\t\t\t<\/div>\n\t\t\t\t<\/div>\n\t\t\t\t<div class=\"elementor-element elementor-element-21219b0 elementor-widget elementor-widget-tm-ele-button\" data-id=\"21219b0\" data-element_type=\"widget\" data-widget_type=\"tm-ele-button.default\">\n\t\t\t\t<div class=\"elementor-widget-container\">\n\t\t\t\t\t<div class=\"tm-sc-button btn-view-details\">\r\n\t<a  href=\"https:\/\/www.gulerparkhotel.com.tr\/en\/room\/executive-oda\/\"\r\n\t\t\t\t\t\tclass=\"btn btn-theme-colored1\">\r\n\r\n\r\n\t\t\r\n\t\t<span>\r\n\t\tExamine\t\t<\/span>\r\n\r\n\t\t\t<\/a>\r\n<\/div>\t\t\t\t<\/div>\n\t\t\t\t<\/div>\n\t\t\t\t<\/div>\n\t\t\t\t\t<\/div>\n\t\t\t\t<\/div>\n\t\t\t\t<\/div>","protected":false},"excerpt":{"rendered":"<p>G\u00fcler Park Hotel Odalar Standart Oda G\u00fcler Park Hotel\u2019in zarif detaylarla d\u00f6\u015fenmi\u015f Standart Odalar\u0131, \u015fehirdeki konaklaman\u0131za sade ama konforlu bir&#8230;<\/p>","protected":false},"author":1,"featured_media":0,"parent":0,"menu_order":0,"comment_status":"closed","ping_status":"closed","template":"","meta":{"_monsterinsights_skip_tracking":false,"_monsterinsights_sitenote_active":false,"_monsterinsights_sitenote_note":"","_monsterinsights_sitenote_category":0,"footnotes":""},"class_list":["post-2993","page","type-page","status-publish","hentry"],"aioseo_notices":[],"_links":{"self":[{"href":"https:\/\/www.gulerparkhotel.com.tr\/en\/wp-json\/wp\/v2\/pages\/2993","targetHints":{"allow":["GET"]}}],"collection":[{"href":"https:\/\/www.gulerparkhotel.com.tr\/en\/wp-json\/wp\/v2\/pages"}],"about":[{"href":"https:\/\/www.gulerparkhotel.com.tr\/en\/wp-json\/wp\/v2\/types\/page"}],"author":[{"embeddable":true,"href":"https:\/\/www.gulerparkhotel.com.tr\/en\/wp-json\/wp\/v2\/users\/1"}],"replies":[{"embeddable":true,"href":"https:\/\/www.gulerparkhotel.com.tr\/en\/wp-json\/wp\/v2\/comments?post=2993"}],"version-history":[{"count":91,"href":"https:\/\/www.gulerparkhotel.com.tr\/en\/wp-json\/wp\/v2\/pages\/2993\/revisions"}],"predecessor-version":[{"id":12912,"href":"https:\/\/www.gulerparkhotel.com.tr\/en\/wp-json\/wp\/v2\/pages\/2993\/revisions\/12912"}],"wp:attachment":[{"href":"https:\/\/www.gulerparkhotel.com.tr\/en\/wp-json\/wp\/v2\/media?parent=2993"}],"curies":[{"name":"wp","href":"https:\/\/api.w.org\/{rel}","templated":true}]}}