{"id":3093,"date":"2025-01-26T05:50:40","date_gmt":"2025-01-26T05:50:40","guid":{"rendered":"https:\/\/dev251.kodesolution.com\/hoteler\/island\/?page_id=3093"},"modified":"2025-10-05T16:02:19","modified_gmt":"2025-10-05T16:02:19","slug":"hakkimizda","status":"publish","type":"page","link":"https:\/\/www.gulerparkhotel.com.tr\/en\/hakkimizda\/","title":{"rendered":"About Us"},"content":{"rendered":"<div data-elementor-type=\"wp-page\" data-elementor-id=\"3093\" class=\"elementor elementor-3093\" data-elementor-post-type=\"page\">\n\t\t\t\t<div class=\"elementor-element elementor-element-7898fd7 e-flex e-con-boxed tm-col-stretched-none tm-bg-color-over-image e-con e-parent\" data-id=\"7898fd7\" data-element_type=\"container\">\n\t\t\t\t\t<div class=\"e-con-inner\">\n\t\t<div class=\"elementor-element elementor-element-da176fd e-con-full e-flex tm-col-stretched-none tm-bg-color-over-image e-con e-child\" data-id=\"da176fd\" data-element_type=\"container\">\n\t\t\t\t<div class=\"elementor-element elementor-element-5f53b00 elementor-widget elementor-widget-image\" data-id=\"5f53b00\" data-element_type=\"widget\" data-widget_type=\"image.default\">\n\t\t\t\t<div class=\"elementor-widget-container\">\n\t\t\t\t\t\t\t\t\t\t\t\t\t\t\t<img fetchpriority=\"high\" decoding=\"async\" width=\"1024\" height=\"683\" src=\"https:\/\/www.gulerparkhotel.com.tr\/wp-content\/uploads\/2025\/06\/gulerpark-otel-18-1024x683.jpg\" class=\"attachment-large size-large wp-image-12095\" alt=\"\" srcset=\"https:\/\/www.gulerparkhotel.com.tr\/wp-content\/uploads\/2025\/06\/gulerpark-otel-18-1024x683.jpg 1024w, https:\/\/www.gulerparkhotel.com.tr\/wp-content\/uploads\/2025\/06\/gulerpark-otel-18-600x400.jpg 600w, https:\/\/www.gulerparkhotel.com.tr\/wp-content\/uploads\/2025\/06\/gulerpark-otel-18-300x200.jpg 300w, https:\/\/www.gulerparkhotel.com.tr\/wp-content\/uploads\/2025\/06\/gulerpark-otel-18-768x512.jpg 768w, https:\/\/www.gulerparkhotel.com.tr\/wp-content\/uploads\/2025\/06\/gulerpark-otel-18-1536x1024.jpg 1536w, https:\/\/www.gulerparkhotel.com.tr\/wp-content\/uploads\/2025\/06\/gulerpark-otel-18-672x448.jpg 672w, https:\/\/www.gulerparkhotel.com.tr\/wp-content\/uploads\/2025\/06\/gulerpark-otel-18.jpg 1920w\" sizes=\"255px\" data-kodelisting-lazy-load-sizes=\"(max-width: 1024px) 100vw, 1024px\" data-kodelisting-loading-image=\"on\" \/>\t\t\t\t\t\t\t\t\t\t\t\t\t\t\t<\/div>\n\t\t\t\t<\/div>\n\t\t\t\t<\/div>\n\t\t<div class=\"elementor-element elementor-element-b0a5962 e-con-full e-flex tm-col-stretched-none tm-bg-color-over-image e-con e-child\" data-id=\"b0a5962\" data-element_type=\"container\">\n\t\t\t\t<div class=\"elementor-element elementor-element-715828a horizontal-line-align-left vertical-line-align-bottom elementor-widget elementor-widget-tm-ele-section-title\" data-id=\"715828a\" data-element_type=\"widget\" data-widget_type=\"tm-ele-section-title.default\">\n\t\t\t\t<div class=\"elementor-widget-container\">\n\t\t\t\t\t<div class=\"tm-sc-section-title section-title\">\r\n\t<div class=\"title-wrapper\">\r\n\t\t\t\t\r\n\r\n<div class=\"sub-title-outer\">\r\n\t\t<div class=\"subtitle\">\r\n\r\n\t\t\r\n\t\tHAKKIMIZDA\t<\/div>\r\n\t<\/div>\t\t\t<h2 class=\"title tm-split-text split-in-right\">\r\n\r\n\t\t\r\n\t\t\t\t<span class=\"title-part1\">The Meeting Point of Comfort and Hospitality<\/span>\r\n\t\t\t\t\r\n\t\t\r\n\t<\/h2>\r\n\t<div class=\"title-seperator-line\"><\/div>\t\t\t\t\t\t<\/div>\r\n<\/div>\t\t\t\t<\/div>\n\t\t\t\t<\/div>\n\t\t\t\t<div class=\"elementor-element elementor-element-4528391 elementor-widget elementor-widget-tm-ele-text-editor\" data-id=\"4528391\" data-element_type=\"widget\" data-widget_type=\"tm-ele-text-editor.default\">\n\t\t\t\t<div class=\"elementor-widget-container\">\n\t\t\t\t\t\t\t<div class=\"tm-text-editor\">\r\n\t\t<h5>As G\u00fcler Park Hotel, we set out to offer our guests a comfortable, peaceful and enjoyable accommodation experience.<\/h5><div id=\"42DD5F88_7C2E_4011_FCCE_8BFF3C6B760C\"><\/div><div id=\"42DD5F88_7C2E_4011_FCCE_8BFF3C6B760C\"><\/div>\t\t<\/div>\r\n\t\t\t\t\t<\/div>\n\t\t\t\t<\/div>\n\t\t\t\t<div class=\"elementor-element elementor-element-6f31300 elementor-widget elementor-widget-tm-ele-text-editor\" data-id=\"6f31300\" data-element_type=\"widget\" data-widget_type=\"tm-ele-text-editor.default\">\n\t\t\t\t<div class=\"elementor-widget-container\">\n\t\t\t\t\t\t\t<div class=\"tm-text-editor\">\r\n\t\t<p data-start=\"221\" data-end=\"483\">\u00a0Located in the centre of Bursa, our hotel offers a modern and friendly atmosphere to our guests travelling for both business and leisure purposes.<\/p><p data-start=\"485\" data-end=\"770\">With our stylish and functionally designed rooms, attentive service, and friendly staff, we aim to make you feel right at home. Prioritizing quality and guest satisfaction in every detail, we strive to make your stay an unforgettable experience.<\/p><p data-start=\"772\" data-end=\"996\">You can enjoy our delicious menus in our restaurant and bar area within our hotel, relieve the tiredness of the day in our SPA section, and benefit from our fully equipped halls for your meetings and organizations.<\/p><div id=\"42DD5F88_7C2E_4011_FCCE_8BFF3C6B760C\"><\/div><div id=\"42DD5F88_7C2E_4011_FCCE_8BFF3C6B760C\"><\/div>\t\t<\/div>\r\n\t\t\t\t\t<\/div>\n\t\t\t\t<\/div>\n\t\t\t\t<div class=\"elementor-element elementor-element-4cc4894 elementor-widget elementor-widget-tm-ele-button\" data-id=\"4cc4894\" data-element_type=\"widget\" data-widget_type=\"tm-ele-button.default\">\n\t\t\t\t<div class=\"elementor-widget-container\">\n\t\t\t\t\t<div class=\"tm-sc-button btn-view-details\">\r\n\t<a  href=\"https:\/\/www.gulerparkhotel.com.tr\/en\/iletisim\/\"\r\n\t\t\t\t\t\tclass=\"btn btn-theme-colored1\">\r\n\r\n\r\n\t\t\r\n\t\t<span>\r\n\t\tiLET\u0130\u015e\u0130M\t\t<\/span>\r\n\r\n\t\t\t<\/a>\r\n<\/div>\t\t\t\t<\/div>\n\t\t\t\t<\/div>\n\t\t\t\t<\/div>\n\t\t\t\t\t<\/div>\n\t\t\t\t<\/div>\n\t\t<div class=\"elementor-element elementor-element-265facd e-flex e-con-boxed tm-col-stretched-none tm-bg-color-over-image e-con e-parent\" data-id=\"265facd\" data-element_type=\"container\">\n\t\t\t\t\t<div class=\"e-con-inner\">\n\t\t<div class=\"elementor-element elementor-element-214d236 e-con-full e-flex tm-col-stretched-none tm-bg-color-over-image e-con e-child\" data-id=\"214d236\" data-element_type=\"container\">\n\t\t<div class=\"elementor-element elementor-element-7246d8c e-con-full e-flex tm-col-stretched-none tm-bg-color-over-image e-con e-child\" data-id=\"7246d8c\" data-element_type=\"container\">\n\t\t<div class=\"elementor-element elementor-element-aac0ddf e-con-full tm-col-stretched-none e-flex tm-bg-color-over-image elementor-invisible e-con e-child\" data-id=\"aac0ddf\" data-element_type=\"container\" data-settings=\"{&quot;animation&quot;:&quot;fadeInUp&quot;}\">\n\t\t\t\t<div class=\"elementor-element elementor-element-5422a51 horizontal-line-align-left vertical-line-align-bottom elementor-widget elementor-widget-tm-ele-section-title\" data-id=\"5422a51\" data-element_type=\"widget\" data-widget_type=\"tm-ele-section-title.default\">\n\t\t\t\t<div class=\"elementor-widget-container\">\n\t\t\t\t\t<div class=\"tm-sc-section-title section-title\">\r\n\t<div class=\"title-wrapper\">\r\n\t\t\t\t\r\n\r\n<div class=\"sub-title-outer\">\r\n\t\t<div class=\"subtitle\">\r\n\r\n\t\t\r\n\t\tGoogle\t<\/div>\r\n\t<\/div>\t\t\t<h2 class=\"title tm-split-text split-in-right\">\r\n\r\n\t\t\r\n\t\t\t\t<span class=\"title-part1\">Guest Comments<\/span>\r\n\t\t\t\t\r\n\t\t\r\n\t<\/h2>\r\n\t<div class=\"title-seperator-line\"><\/div>\t\t\t\t\t\t<\/div>\r\n<\/div>\t\t\t\t<\/div>\n\t\t\t\t<\/div>\n\t\t\t\t<\/div>\n\t\t<div class=\"elementor-element elementor-element-74a0731 e-con-full tm-col-stretched-none e-flex tm-bg-color-over-image elementor-invisible e-con e-child\" data-id=\"74a0731\" data-element_type=\"container\" data-settings=\"{&quot;animation&quot;:&quot;fadeInUp&quot;}\">\n\t\t\t\t<div class=\"elementor-element elementor-element-64db648 elementor-widget elementor-widget-tm-ele-testimonial-block\" data-id=\"64db648\" data-element_type=\"widget\" data-widget_type=\"tm-ele-testimonial-block.skin-style1\">\n\t\t\t\t<div class=\"elementor-widget-container\">\n\t\t\t\t\t\t<div id=\"testimonial-block-holder-911874\" class=\"tm-sc-testimonials tm-testimonial-carousel tm-swiper-container\" data-items=\"3\" data-space=\"30\" data-autoplay=\"true\" data-loop=\"true\" data-centered=\"false\" data-arrow=\"false\" data-bullets=\"false\" data-xxl-items=\"3\" data-lg-items=\"3\" data-md-items=\"2\" data-sm-items=\"1\" data-xs-items=\"1\">\r\n\t\t<div class=\"swiper-container-inner\">\r\n\t\t\t<div class=\"swiper-wrapper\">\r\n\t\t\t\t<!-- the loop -->\r\n\t\t\t\t\t\t\t\t\t\t\t\t\t\t\t\t\t\t\t<div class=\"swiper-slide elementor-repeater-item-206833e\" data-wow-delay=\"\">\r\n\t\t\t\t\t\t<!-- Testimonial Block Style1-->\r\n\r\n<div class=\"testimonial-block testimonial-block-style1\">\r\n  <div class=\"inner-box\">\r\n    <div class=\"content-box\">\r\n      <span class=\"icon fa fa-quote-right\"><\/span>\r\n      <div class=\"author-text\">\r\n  Located in a beautiful location in G\u00f6r\u00fckle, the rooms are very clean and spacious, and the breakfast buffet is comprehensive and delicious. The staff is friendly and attentive. I recommend it to everyone.\n<\/div>    <\/div>\r\n    <div class=\"info-box\">\r\n      <div class=\"thumb\">\r\n        \r\n\t\t\r\n\t\t<img decoding=\"async\" src=\"\" width=\"\" height=\"\" alt=\"\">      <\/div>\r\n      <div>\r\n      \t\t<h4 class=\"testimonial-name\">\r\n\t\tUygar G\u00fclbat\t<\/h4>\r\n\t      \t\r\n      <\/div>\r\n    <\/div>\r\n  <\/div>\r\n<\/div>\t\t\t\t\t<\/div>\r\n\t\t\t\t\t\t\t\t\t\t\t\t\t\t\t\t\t\t\t<div class=\"swiper-slide elementor-repeater-item-9ff4bcb\" data-wow-delay=\"\">\r\n\t\t\t\t\t\t<!-- Testimonial Block Style1-->\r\n\r\n<div class=\"testimonial-block testimonial-block-style1\">\r\n  <div class=\"inner-box\">\r\n    <div class=\"content-box\">\r\n      <span class=\"icon fa fa-quote-right\"><\/span>\r\n      <div class=\"author-text\">\r\n  The rooms were very clean and warm. The location was quite central. The dinner was average and the breakfast was very nice. I recommend it.\n<\/div>    <\/div>\r\n    <div class=\"info-box\">\r\n      <div class=\"thumb\">\r\n        \r\n\t\t\r\n\t\t<img decoding=\"async\" src=\"\" width=\"\" height=\"\" alt=\"\">      <\/div>\r\n      <div>\r\n      \t\t<h4 class=\"testimonial-name\">\r\n\t\tDamlanur Ayd\u0131n\t<\/h4>\r\n\t      \t\r\n      <\/div>\r\n    <\/div>\r\n  <\/div>\r\n<\/div>\t\t\t\t\t<\/div>\r\n\t\t\t\t\t\t\t\t\t\t\t\t\t\t\t\t\t\t\t<div class=\"swiper-slide elementor-repeater-item-b61e4c1\" data-wow-delay=\"\">\r\n\t\t\t\t\t\t<!-- Testimonial Block Style1-->\r\n\r\n<div class=\"testimonial-block testimonial-block-style1\">\r\n  <div class=\"inner-box\">\r\n    <div class=\"content-box\">\r\n      <span class=\"icon fa fa-quote-right\"><\/span>\r\n      <div class=\"author-text\">\r\n  The hotel is spotlessly clean, the staff is warm and friendly, and the location is quiet and close to everything. The buffet breakfast is simply fantastic. Above all, the rooms are spacious and very clean. I'm sure I'll be staying in Bursa again. I'm leaving very satisfied.\n<\/div>    <\/div>\r\n    <div class=\"info-box\">\r\n      <div class=\"thumb\">\r\n        \r\n\t\t\r\n\t\t<img decoding=\"async\" src=\"\" width=\"\" height=\"\" alt=\"\">      <\/div>\r\n      <div>\r\n      \t\t<h4 class=\"testimonial-name\">\r\n\t\tLevent Altas\t<\/h4>\r\n\t      \t\r\n      <\/div>\r\n    <\/div>\r\n  <\/div>\r\n<\/div>\t\t\t\t\t<\/div>\r\n\t\t\t\t\t\t\t\t\t\t\t\t\t\t\t\t\t\t\t<div class=\"swiper-slide elementor-repeater-item-98984a1\" data-wow-delay=\"\">\r\n\t\t\t\t\t\t<!-- Testimonial Block Style1-->\r\n\r\n<div class=\"testimonial-block testimonial-block-style1\">\r\n  <div class=\"inner-box\">\r\n    <div class=\"content-box\">\r\n      <span class=\"icon fa fa-quote-right\"><\/span>\r\n      <div class=\"author-text\">\r\n  I came as a guest but I felt like I was at home. I give the breakfast 20 out of 10, thank you G\u00fcler Park hotel management.\n<\/div>    <\/div>\r\n    <div class=\"info-box\">\r\n      <div class=\"thumb\">\r\n        \r\n\t\t\r\n\t\t<img decoding=\"async\" src=\"\" width=\"\" height=\"\" alt=\"\">      <\/div>\r\n      <div>\r\n      \t\t<h4 class=\"testimonial-name\">\r\n\t\tLevent Aslan\t<\/h4>\r\n\t      \t\r\n      <\/div>\r\n    <\/div>\r\n  <\/div>\r\n<\/div>\t\t\t\t\t<\/div>\r\n\t\t\t\t\t\t\t\t<!-- end of the loop -->\r\n\t\t\t<\/div>\r\n\t\t<\/div>\r\n\r\n\t\t<div class=\"swiper-pagination d-none\"><\/div>\r\n\r\n\t\t<div class=\"tm-swiper-arrow tm-swiper-button-wrap d-none\">\r\n\t\t\t<div class=\"tm-swiper-arrow tm-swiper-button-prev\"><i class=\"lnr-icon-arrow-left\"><\/i><\/div>\r\n\t\t\t<div class=\"tm-swiper-arrow tm-swiper-button-next\"><i class=\"lnr-icon-arrow-right\"><\/i><\/div>\r\n\t\t<\/div>\r\n\t<\/div>\r\n\r\n\t\t\t\t<\/div>\n\t\t\t\t<\/div>\n\t\t\t\t<\/div>\n\t\t\t\t<\/div>\n\t\t\t\t<\/div>\n\t\t\t\t\t<\/div>\n\t\t\t\t<\/div>\n\t\t\t\t<\/div>","protected":false},"excerpt":{"rendered":"<p>HAKKIMIZDA Konforun ve Misafirperverli\u011fin Bulu\u015fma Noktas\u0131 G\u00fcler Park Otel olarak, misafirlerimize konforlu, huzurlu ve keyifli bir konaklama deneyimi sunmak i\u00e7in&#8230;<\/p>","protected":false},"author":1,"featured_media":0,"parent":0,"menu_order":0,"comment_status":"closed","ping_status":"closed","template":"","meta":{"_monsterinsights_skip_tracking":false,"_monsterinsights_sitenote_active":false,"_monsterinsights_sitenote_note":"","_monsterinsights_sitenote_category":0,"footnotes":""},"class_list":["post-3093","page","type-page","status-publish","hentry"],"aioseo_notices":[],"_links":{"self":[{"href":"https:\/\/www.gulerparkhotel.com.tr\/en\/wp-json\/wp\/v2\/pages\/3093","targetHints":{"allow":["GET"]}}],"collection":[{"href":"https:\/\/www.gulerparkhotel.com.tr\/en\/wp-json\/wp\/v2\/pages"}],"about":[{"href":"https:\/\/www.gulerparkhotel.com.tr\/en\/wp-json\/wp\/v2\/types\/page"}],"author":[{"embeddable":true,"href":"https:\/\/www.gulerparkhotel.com.tr\/en\/wp-json\/wp\/v2\/users\/1"}],"replies":[{"embeddable":true,"href":"https:\/\/www.gulerparkhotel.com.tr\/en\/wp-json\/wp\/v2\/comments?post=3093"}],"version-history":[{"count":47,"href":"https:\/\/www.gulerparkhotel.com.tr\/en\/wp-json\/wp\/v2\/pages\/3093\/revisions"}],"predecessor-version":[{"id":12966,"href":"https:\/\/www.gulerparkhotel.com.tr\/en\/wp-json\/wp\/v2\/pages\/3093\/revisions\/12966"}],"wp:attachment":[{"href":"https:\/\/www.gulerparkhotel.com.tr\/en\/wp-json\/wp\/v2\/media?parent=3093"}],"curies":[{"name":"wp","href":"https:\/\/api.w.org\/{rel}","templated":true}]}}